{"id":1618,"date":"2023-02-09T13:34:36","date_gmt":"2023-02-09T11:34:36","guid":{"rendered":"https:\/\/ideihm.covam.es\/portal\/?page_id=1618"},"modified":"2026-02-27T10:43:23","modified_gmt":"2026-02-27T08:43:23","slug":"privacidad-appmovil","status":"publish","type":"page","link":"https:\/\/ideihm.covam.es\/portal\/privacidad-appmovil\/","title":{"rendered":"Pol\u00edtica Privacidad Aplicaciones M\u00f3viles"},"content":{"rendered":"\t\t<div data-elementor-type=\"wp-page\" data-elementor-id=\"1618\" class=\"elementor elementor-1618\">\n\t\t\t\t\t\t<section class=\"elementor-section elementor-top-section elementor-element elementor-element-2c60d49 elementor-section-boxed elementor-section-height-default elementor-section-height-default\" data-id=\"2c60d49\" data-element_type=\"section\" data-settings=\"{&quot;background_background&quot;:&quot;classic&quot;}\">\n\t\t\t\t\t\t\t<div class=\"elementor-background-overlay\"><\/div>\n\t\t\t\t\t\t\t<div class=\"elementor-container elementor-column-gap-default\">\n\t\t\t\t\t<div class=\"elementor-column elementor-col-100 elementor-top-column elementor-element elementor-element-2f2c76b\" data-id=\"2f2c76b\" data-element_type=\"column\">\n\t\t\t<div class=\"elementor-widget-wrap elementor-element-populated\">\n\t\t\t\t\t\t<div class=\"elementor-element elementor-element-07d6c0a elementor-widget elementor-widget-heading\" data-id=\"07d6c0a\" data-element_type=\"widget\" data-widget_type=\"heading.default\">\n\t\t\t\t<div class=\"elementor-widget-container\">\n\t\t\t\t\t<h1 class=\"elementor-heading-title elementor-size-default\">Pol\u00edtica de privacidad para las Aplicaciones m\u00f3viles del IHM<\/h1>\t\t\t\t<\/div>\n\t\t\t\t<\/div>\n\t\t\t\t\t<\/div>\n\t\t<\/div>\n\t\t\t\t\t<\/div>\n\t\t<\/section>\n\t\t\t\t<section class=\"elementor-section elementor-top-section elementor-element elementor-element-7c8b10d elementor-section-boxed elementor-section-height-default elementor-section-height-default\" data-id=\"7c8b10d\" data-element_type=\"section\">\n\t\t\t\t\t\t<div class=\"elementor-container elementor-column-gap-default\">\n\t\t\t\t\t<div class=\"elementor-column elementor-col-100 elementor-top-column elementor-element elementor-element-1645216\" data-id=\"1645216\" data-element_type=\"column\">\n\t\t\t<div class=\"elementor-widget-wrap elementor-element-populated\">\n\t\t\t\t\t\t<div class=\"elementor-element elementor-element-083bd6c elementor-widget elementor-widget-text-editor\" data-id=\"083bd6c\" data-element_type=\"widget\" data-widget_type=\"text-editor.default\">\n\t\t\t\t<div class=\"elementor-widget-container\">\n\t\t\t\t\t\t\t\t\t<p>Las aplicaciones m\u00f3viles del Instituto Hidrogr\u00e1fico de la Marina (IHM) son aplicaciones no comerciales.<\/p><p>Esta p\u00e1gina se utiliza para informar a los visitantes sobre nuestras pol\u00edticas con la recopilaci\u00f3n, uso y divulgaci\u00f3n de informaci\u00f3n personal por si alguien decide utilizar nuestras aplicaciones.<\/p><p>La recogida y tratamiento automatizado de los datos personales tiene como finalidad la gesti\u00f3n, prestaci\u00f3n, ampliaci\u00f3n y mejora de los servicios solicitados en cada momento por el usuario y la atenci\u00f3n adecuada, respuesta y seguimiento de consultas planteadas por los usuarios.<\/p><p>En todo caso, usted podr\u00e1 ejercer los derechos de oposici\u00f3n, acceso, rectificaci\u00f3n y cancelaci\u00f3n en el \u00e1mbito reconocido por el\u00a0<a href=\"https:\/\/www.agpd.es\/portalwebAGPD\/canaldocumentacion\/legislacion\/union_europea\/reglamentos\/common\/pdfs\/Reglamento_UE_2016-679_Proteccion_datos_DOUE.pdf\">Reglamento de Protecci\u00f3n de las Personas F\u00edsicas UE(2016-679)<\/a>\u00a0de 27 de abril de 2016, ante el responsable del fichero, IHM, dirigi\u00e9ndose por escrito al Instituto Hidrogr\u00e1fico de la Marina en el domicilio a Plaza de San Severiano, s\/n, C\u00c1DIZ, si existe vulneraci\u00f3n de sus derechos. Correo electr\u00f3nico:\u00a0<a href=\"mailto:ihmcdatos@mde.es\">ihmcdatos@mde.es<\/a><\/p><p>El usuario responder\u00e1, en cualquier caso, de la veracidad de los datos facilitados. El IHM se reserva el derecho de excluir de los servicios registrados a todo usuario que haya facilitado datos falsos, sin perjuicio de las acciones legales que procedan.<\/p><p>Si el usuario es menor de edad, el IHM aconseja consultar con sus padres o tutores legales la conveniencia o no de navegar por el contenido de nuestras aplicaciones m\u00f3viles, y que sea previamente asesorado sobre las consecuencias derivadas de la entrega de sus datos personales, conforme a las normas establecidas en la presente pol\u00edtica de privacidad.<\/p><p>Si elige utilizar nuestras aplicaciones m\u00f3viles, entonces acepta la recopilaci\u00f3n y el uso de informaci\u00f3n en relaci\u00f3n con esta pol\u00edtica.<\/p><p>Si no est\u00e1 de acuerdo con los t\u00e9rminos de esta pol\u00edtica, no acceda ni utilice las aplicaciones m\u00f3viles del IHM.<\/p><p><strong><em>Recopilaci\u00f3n y uso de informaci\u00f3n<\/em><\/strong><\/p><p>En nuestras aplicaciones m\u00f3viles se puede optar por crear contenido. Esto incluye crear un punto de inter\u00e9s o a\u00f1adir acceso a servicios WMS ajenos a nuestra responsabilidad.<\/p><p>Nuestras aplicaciones m\u00f3viles recogen datos de ubicaci\u00f3n para habilitar la funci\u00f3n de navegaci\u00f3n en tiempo real. En ning\u00fan otro momento acceder\u00e1 a los datos de ubicaci\u00f3n en ese segundo plano. La aplicaci\u00f3n le pedir\u00e1, la primera vez que active el GPS, permiso para acceder siempre a ese sensor.<\/p><p>Estos datos se guardan en tu dispositivo, no se comparten con nadie.<\/p><p>El contenido que crea puntos de inter\u00e9s contiene datos de ubicaci\u00f3n.<\/p><p>Su dispositivo solicita su consentimiento antes de que cualquier aplicaci\u00f3n m\u00f3vil utilice la ubicaci\u00f3n por primera vez, y puede retirar ese consentimiento en cualquier momento a trav\u00e9s de la configuraci\u00f3n del dispositivo.<\/p><p>Las aplicaciones m\u00f3viles del IHM utilizan una variedad de servicios integrados en el dispositivo, y esos servicios pueden tener acceso a datos personales, cubiertos por la propia Pol\u00edtica de privacidad del dispositivo.<\/p><p>Cuando acceda a algunos mapas y servicios, el proveedor de servicios sabr\u00e1 la direcci\u00f3n IP y otros detalles del navegador o que se est\u00e1 accediendo a estos mapas desde las aplicaciones m\u00f3viles del IHM, pero nada que coincida con los de usted personalmente.<\/p><p><strong><em>Seguridad<\/em><\/strong><\/p><p>Valoramos su confianza al brindarnos su Informaci\u00f3n personal. Pero recuerde que ning\u00fan m\u00e9todo de transmisi\u00f3n a trav\u00e9s de Internet o m\u00e9todo de transmisi\u00f3n electr\u00f3nica el almacenamiento es 100% seguro y confiable, y no podemos garantizar su absoluta seguridad.<\/p><p><strong><em>V\u00ednculos a otros sitios<\/em><\/strong><\/p><p>El uso de nuestras aplicaciones m\u00f3viles puede contener enlaces a otros sitios. Si hace clic en un enlace de terceros, se le dirigir\u00e1 a ese sitio. Estos sitios externos no son operados por nosotros. Por lo tanto, le recomendamos encarecidamente que revise la Pol\u00edtica de privacidad de estos sitios web. Nosotros no controlamos ni asumimos ninguna responsabilidad por el contenido, pol\u00edticas de privacidad o pr\u00e1cticas de sitios de terceros o servicios.<\/p><p><strong><em>Cambios en esta pol\u00edtica de privacidad<\/em><\/strong><\/p><p>El IHM se reserva la facultad de modificar la presente Pol\u00edtica de Privacidad para adaptarla a las novedades legislativas, jurisprudenciales o de interpretaci\u00f3n de la Agencia Espa\u00f1ola de Protecci\u00f3n de Datos. En este caso, el IHM anunciar\u00e1 dichos cambios, indicando claramente y con la debida antelaci\u00f3n las modificaciones efectuadas, y solicitando, en caso de que sea necesario, su aceptaci\u00f3n de dichos cambios.<\/p>\t\t\t\t\t\t\t\t<\/div>\n\t\t\t\t<\/div>\n\t\t\t\t\t<\/div>\n\t\t<\/div>\n\t\t\t\t\t<\/div>\n\t\t<\/section>\n\t\t\t\t<\/div>\n\t\t","protected":false},"excerpt":{"rendered":"<p>Pol\u00edtica de privacidad para las Aplicaciones m\u00f3viles del IHM Las aplicaciones m\u00f3viles del Instituto Hidrogr\u00e1fico de la Marina (IHM) son aplicaciones no comerciales. Esta p\u00e1gina se utiliza para informar a los visitantes sobre nuestras pol\u00edticas con la recopilaci\u00f3n, uso y divulgaci\u00f3n de informaci\u00f3n personal por si alguien decide utilizar nuestras aplicaciones. La recogida y tratamiento [&hellip;]<\/p>\n","protected":false},"author":4,"featured_media":0,"parent":0,"menu_order":0,"comment_status":"closed","ping_status":"closed","template":"elementor_header_footer","meta":{"footnotes":""},"class_list":["post-1618","page","type-page","status-publish","hentry"],"yoast_head":"<!-- This site is optimized with the Yoast SEO plugin v26.2 - https:\/\/yoast.com\/wordpress\/plugins\/seo\/ -->\r\n<title>Pol\u00edtica Privacidad Aplicaciones M\u00f3viles - IdeIHM<\/title>\r\n<meta name=\"description\" content=\"Pol\u00edtica de privacidad de las apps m\u00f3viles del IHM: qu\u00e9 datos se recogen (incluida la ubicaci\u00f3n para navegaci\u00f3n), c\u00f3mo se usan y almacenan (en el dispositivo), seguridad, enlaces a terceros y ejercicio de derechos RGPD\" \/>\r\n<meta name=\"robots\" content=\"index, follow, max-snippet:-1, max-image-preview:large, max-video-preview:-1\" \/>\r\n<link rel=\"canonical\" href=\"https:\/\/ideihm.covam.es\/portal\/privacidad-appmovil\/\" \/>\r\n<meta property=\"og:locale\" content=\"es_ES\" \/>\r\n<meta property=\"og:type\" content=\"article\" \/>\r\n<meta property=\"og:title\" content=\"Pol\u00edtica Privacidad Aplicaciones M\u00f3viles - IdeIHM\" \/>\r\n<meta property=\"og:description\" content=\"Pol\u00edtica de privacidad de las apps m\u00f3viles del IHM: qu\u00e9 datos se recogen (incluida la ubicaci\u00f3n para navegaci\u00f3n), c\u00f3mo se usan y almacenan (en el dispositivo), seguridad, enlaces a terceros y ejercicio de derechos RGPD\" \/>\r\n<meta property=\"og:url\" content=\"https:\/\/ideihm.covam.es\/portal\/privacidad-appmovil\/\" \/>\r\n<meta property=\"og:site_name\" content=\"IdeIHM\" \/>\r\n<meta property=\"article:modified_time\" content=\"2026-02-27T08:43:23+00:00\" \/>\r\n<meta name=\"twitter:card\" content=\"summary_large_image\" \/>\r\n<meta name=\"twitter:label1\" content=\"Tiempo de lectura\" \/>\n\t<meta name=\"twitter:data1\" content=\"4 minutos\" \/>\r\n<script type=\"application\/ld+json\" class=\"yoast-schema-graph\">{\"@context\":\"https:\/\/schema.org\",\"@graph\":[{\"@type\":\"WebPage\",\"@id\":\"https:\/\/ideihm.covam.es\/portal\/privacidad-appmovil\/\",\"url\":\"https:\/\/ideihm.covam.es\/portal\/privacidad-appmovil\/\",\"name\":\"Pol\u00edtica Privacidad Aplicaciones M\u00f3viles - IdeIHM\",\"isPartOf\":{\"@id\":\"https:\/\/ideihm.covam.es\/portal\/#website\"},\"datePublished\":\"2023-02-09T11:34:36+00:00\",\"dateModified\":\"2026-02-27T08:43:23+00:00\",\"description\":\"Pol\u00edtica de privacidad de las apps m\u00f3viles del IHM: qu\u00e9 datos se recogen (incluida la ubicaci\u00f3n para navegaci\u00f3n), c\u00f3mo se usan y almacenan (en el dispositivo), seguridad, enlaces a terceros y ejercicio de derechos RGPD\",\"breadcrumb\":{\"@id\":\"https:\/\/ideihm.covam.es\/portal\/privacidad-appmovil\/#breadcrumb\"},\"inLanguage\":\"es\",\"potentialAction\":[{\"@type\":\"ReadAction\",\"target\":[\"https:\/\/ideihm.covam.es\/portal\/privacidad-appmovil\/\"]}]},{\"@type\":\"BreadcrumbList\",\"@id\":\"https:\/\/ideihm.covam.es\/portal\/privacidad-appmovil\/#breadcrumb\",\"itemListElement\":[{\"@type\":\"ListItem\",\"position\":1,\"name\":\"Portada\",\"item\":\"https:\/\/ideihm.covam.es\/portal\/\"},{\"@type\":\"ListItem\",\"position\":2,\"name\":\"Pol\u00edtica Privacidad Aplicaciones M\u00f3viles\"}]},{\"@type\":\"WebSite\",\"@id\":\"https:\/\/ideihm.covam.es\/portal\/#website\",\"url\":\"https:\/\/ideihm.covam.es\/portal\/\",\"name\":\"IdeIHM\",\"description\":\"Geoportal de la Infraestructura de datos espaciales del Instituto Hidrogr\u00e1fico de la Marina\",\"publisher\":{\"@id\":\"https:\/\/ideihm.covam.es\/portal\/#organization\"},\"potentialAction\":[{\"@type\":\"SearchAction\",\"target\":{\"@type\":\"EntryPoint\",\"urlTemplate\":\"https:\/\/ideihm.covam.es\/portal\/?s={search_term_string}\"},\"query-input\":{\"@type\":\"PropertyValueSpecification\",\"valueRequired\":true,\"valueName\":\"search_term_string\"}}],\"inLanguage\":\"es\"},{\"@type\":\"Organization\",\"@id\":\"https:\/\/ideihm.covam.es\/portal\/#organization\",\"name\":\"IdeIHM\",\"url\":\"https:\/\/ideihm.covam.es\/portal\/\",\"logo\":{\"@type\":\"ImageObject\",\"inLanguage\":\"es\",\"@id\":\"https:\/\/ideihm.covam.es\/portal\/#\/schema\/logo\/image\/\",\"url\":\"https:\/\/ideihm.covam.es\/portal\/wp-content\/uploads\/logo-ide-ihm.png\",\"contentUrl\":\"https:\/\/ideihm.covam.es\/portal\/wp-content\/uploads\/logo-ide-ihm.png\",\"width\":153,\"height\":153,\"caption\":\"IdeIHM\"},\"image\":{\"@id\":\"https:\/\/ideihm.covam.es\/portal\/#\/schema\/logo\/image\/\"}}]}<\/script>\r\n<!-- \/ Yoast SEO plugin. -->","yoast_head_json":{"title":"Pol\u00edtica Privacidad Aplicaciones M\u00f3viles - IdeIHM","description":"Pol\u00edtica de privacidad de las apps m\u00f3viles del IHM: qu\u00e9 datos se recogen (incluida la ubicaci\u00f3n para navegaci\u00f3n), c\u00f3mo se usan y almacenan (en el dispositivo), seguridad, enlaces a terceros y ejercicio de derechos RGPD","robots":{"index":"index","follow":"follow","max-snippet":"max-snippet:-1","max-image-preview":"max-image-preview:large","max-video-preview":"max-video-preview:-1"},"canonical":"https:\/\/ideihm.covam.es\/portal\/privacidad-appmovil\/","og_locale":"es_ES","og_type":"article","og_title":"Pol\u00edtica Privacidad Aplicaciones M\u00f3viles - IdeIHM","og_description":"Pol\u00edtica de privacidad de las apps m\u00f3viles del IHM: qu\u00e9 datos se recogen (incluida la ubicaci\u00f3n para navegaci\u00f3n), c\u00f3mo se usan y almacenan (en el dispositivo), seguridad, enlaces a terceros y ejercicio de derechos RGPD","og_url":"https:\/\/ideihm.covam.es\/portal\/privacidad-appmovil\/","og_site_name":"IdeIHM","article_modified_time":"2026-02-27T08:43:23+00:00","twitter_card":"summary_large_image","twitter_misc":{"Tiempo de lectura":"4 minutos"},"schema":{"@context":"https:\/\/schema.org","@graph":[{"@type":"WebPage","@id":"https:\/\/ideihm.covam.es\/portal\/privacidad-appmovil\/","url":"https:\/\/ideihm.covam.es\/portal\/privacidad-appmovil\/","name":"Pol\u00edtica Privacidad Aplicaciones M\u00f3viles - IdeIHM","isPartOf":{"@id":"https:\/\/ideihm.covam.es\/portal\/#website"},"datePublished":"2023-02-09T11:34:36+00:00","dateModified":"2026-02-27T08:43:23+00:00","description":"Pol\u00edtica de privacidad de las apps m\u00f3viles del IHM: qu\u00e9 datos se recogen (incluida la ubicaci\u00f3n para navegaci\u00f3n), c\u00f3mo se usan y almacenan (en el dispositivo), seguridad, enlaces a terceros y ejercicio de derechos RGPD","breadcrumb":{"@id":"https:\/\/ideihm.covam.es\/portal\/privacidad-appmovil\/#breadcrumb"},"inLanguage":"es","potentialAction":[{"@type":"ReadAction","target":["https:\/\/ideihm.covam.es\/portal\/privacidad-appmovil\/"]}]},{"@type":"BreadcrumbList","@id":"https:\/\/ideihm.covam.es\/portal\/privacidad-appmovil\/#breadcrumb","itemListElement":[{"@type":"ListItem","position":1,"name":"Portada","item":"https:\/\/ideihm.covam.es\/portal\/"},{"@type":"ListItem","position":2,"name":"Pol\u00edtica Privacidad Aplicaciones M\u00f3viles"}]},{"@type":"WebSite","@id":"https:\/\/ideihm.covam.es\/portal\/#website","url":"https:\/\/ideihm.covam.es\/portal\/","name":"IdeIHM","description":"Geoportal de la Infraestructura de datos espaciales del Instituto Hidrogr\u00e1fico de la Marina","publisher":{"@id":"https:\/\/ideihm.covam.es\/portal\/#organization"},"potentialAction":[{"@type":"SearchAction","target":{"@type":"EntryPoint","urlTemplate":"https:\/\/ideihm.covam.es\/portal\/?s={search_term_string}"},"query-input":{"@type":"PropertyValueSpecification","valueRequired":true,"valueName":"search_term_string"}}],"inLanguage":"es"},{"@type":"Organization","@id":"https:\/\/ideihm.covam.es\/portal\/#organization","name":"IdeIHM","url":"https:\/\/ideihm.covam.es\/portal\/","logo":{"@type":"ImageObject","inLanguage":"es","@id":"https:\/\/ideihm.covam.es\/portal\/#\/schema\/logo\/image\/","url":"https:\/\/ideihm.covam.es\/portal\/wp-content\/uploads\/logo-ide-ihm.png","contentUrl":"https:\/\/ideihm.covam.es\/portal\/wp-content\/uploads\/logo-ide-ihm.png","width":153,"height":153,"caption":"IdeIHM"},"image":{"@id":"https:\/\/ideihm.covam.es\/portal\/#\/schema\/logo\/image\/"}}]}},"_links":{"self":[{"href":"https:\/\/ideihm.covam.es\/portal\/wp-json\/wp\/v2\/pages\/1618","targetHints":{"allow":["GET"]}}],"collection":[{"href":"https:\/\/ideihm.covam.es\/portal\/wp-json\/wp\/v2\/pages"}],"about":[{"href":"https:\/\/ideihm.covam.es\/portal\/wp-json\/wp\/v2\/types\/page"}],"author":[{"embeddable":true,"href":"https:\/\/ideihm.covam.es\/portal\/wp-json\/wp\/v2\/users\/4"}],"replies":[{"embeddable":true,"href":"https:\/\/ideihm.covam.es\/portal\/wp-json\/wp\/v2\/comments?post=1618"}],"version-history":[{"count":1,"href":"https:\/\/ideihm.covam.es\/portal\/wp-json\/wp\/v2\/pages\/1618\/revisions"}],"predecessor-version":[{"id":1934,"href":"https:\/\/ideihm.covam.es\/portal\/wp-json\/wp\/v2\/pages\/1618\/revisions\/1934"}],"wp:attachment":[{"href":"https:\/\/ideihm.covam.es\/portal\/wp-json\/wp\/v2\/media?parent=1618"}],"curies":[{"name":"wp","href":"https:\/\/api.w.org\/{rel}","templated":true}]}}