{"id":1645,"date":"2023-04-18T12:40:42","date_gmt":"2023-04-18T10:40:42","guid":{"rendered":"https:\/\/ideihm.covam.es\/portal\/?page_id=1645"},"modified":"2026-02-27T09:56:06","modified_gmt":"2026-02-27T07:56:06","slug":"accesibilidad","status":"publish","type":"page","link":"https:\/\/ideihm.covam.es\/portal\/accesibilidad\/","title":{"rendered":"Accesibilidad"},"content":{"rendered":"\t\t<div data-elementor-type=\"wp-page\" data-elementor-id=\"1645\" class=\"elementor elementor-1645\">\n\t\t\t\t\t\t<section class=\"elementor-section elementor-top-section elementor-element elementor-element-2c60d49 elementor-section-boxed elementor-section-height-default elementor-section-height-default\" data-id=\"2c60d49\" data-element_type=\"section\" data-settings=\"{&quot;background_background&quot;:&quot;classic&quot;}\">\n\t\t\t\t\t\t\t<div class=\"elementor-background-overlay\"><\/div>\n\t\t\t\t\t\t\t<div class=\"elementor-container elementor-column-gap-default\">\n\t\t\t\t\t<div class=\"elementor-column elementor-col-100 elementor-top-column elementor-element elementor-element-2f2c76b\" data-id=\"2f2c76b\" data-element_type=\"column\">\n\t\t\t<div class=\"elementor-widget-wrap elementor-element-populated\">\n\t\t\t\t\t\t<div class=\"elementor-element elementor-element-07d6c0a elementor-widget elementor-widget-heading\" data-id=\"07d6c0a\" data-element_type=\"widget\" data-widget_type=\"heading.default\">\n\t\t\t\t<div class=\"elementor-widget-container\">\n\t\t\t\t\t<h1 class=\"elementor-heading-title elementor-size-default\">Accesibilidad<\/h1>\t\t\t\t<\/div>\n\t\t\t\t<\/div>\n\t\t\t\t\t<\/div>\n\t\t<\/div>\n\t\t\t\t\t<\/div>\n\t\t<\/section>\n\t\t\t\t<section class=\"elementor-section elementor-top-section elementor-element elementor-element-7c8b10d elementor-section-boxed elementor-section-height-default elementor-section-height-default\" data-id=\"7c8b10d\" data-element_type=\"section\">\n\t\t\t\t\t\t<div class=\"elementor-container elementor-column-gap-default\">\n\t\t\t\t\t<div class=\"elementor-column elementor-col-100 elementor-top-column elementor-element elementor-element-1645216\" data-id=\"1645216\" data-element_type=\"column\">\n\t\t\t<div class=\"elementor-widget-wrap elementor-element-populated\">\n\t\t\t\t\t\t<div class=\"elementor-element elementor-element-083bd6c elementor-widget elementor-widget-text-editor\" data-id=\"083bd6c\" data-element_type=\"widget\" data-widget_type=\"text-editor.default\">\n\t\t\t\t<div class=\"elementor-widget-container\">\n\t\t\t\t\t\t\t\t\t<p><strong>Declaraci\u00f3n de Accesibilidad<\/strong><\/p>\n<p class=\"MsoNormal\">La Armada Espa\u00f1ola, y en particular el Instituto Hidrogr\u00e1fico de la Marina (IHM), cumpliendo con su compromiso con la accesibilidad, abre las puertas de su espacio web a toda persona que desee acceder a \u00e9l, eliminando las barreras visuales y tecnol\u00f3gicas que puedan presentar personas con alguna discapacidad (f\u00edsica, sensorial o cognitiva) y\/o de edad avanzada, as\u00ed como a usuarios en general. El IHM se ha comprometido a hacer accesible su sitio web de conformidad con el Real Decreto 1112\/2018, de 7 de septiembre, sobre accesibilidad de los sitios web y aplicaciones para dispositivos m\u00f3viles del sector p\u00fablico.<\/p>\n<p class=\"MsoNormal\">La presente declaraci\u00f3n de accesibilidad se aplica al sitio web https:\/\/ideihm.covam.es\/<\/p>\n<p class=\"MsoNormal\"><strong>Situaci\u00f3n de cumplimiento<\/strong><\/p>\n<p class=\"MsoNormal\">Este sitio web es parcialmente conforme con el RD 1112\/2018 debido a la falta de conformidad de algunos puntos que est\u00e1n en revisi\u00f3n.<\/p>\n<p class=\"MsoNormal\"><strong>Contenido no accesible<\/strong><\/p>\n<p class=\"MsoNormal\">El contenido que se recoge a continuaci\u00f3n no es accesible por lo siguiente:<\/p>\n<p>1. Falta de conformidad con el RD 1112\/2018<\/p>\n<ul>\n<li>En el portal existe alg\u00fan contenido que presenta contraste insuficiente entre colores de primer plano y de fondo, falta de textos alternativos en algunas im\u00e1genes.<\/li>\n<\/ul>\n<p class=\"MsoNormal\">2. Carga desproporcionada<\/p>\n<ul>\n<li class=\"MsoNormal\">No aplica.<\/li>\n<\/ul>\n<p>3.&nbsp;El contenido no entra dentro del \u00e1mbito de la legislaci\u00f3n aplicable<\/p>\n<ul>\n<li>El&nbsp;<a href=\"https:\/\/www.boe.es\/diario_boe\/txt.php?id=BOE-A-2018-12699\" target=\"_blank\" rel=\"noopener\">Real Decreto 1112\/2018<\/a>&nbsp;establece en su art\u00edculo 3.4, las causas de exclusi\u00f3n de aplicaci\u00f3n de dicho Real Decreto y entre ellas, se encuentra en su letra D, lo siguiente:&nbsp;<\/li>\n<\/ul>\n<p style=\"padding-left: 80px;\">\u00ab<em style=\"color: var(--bs-body-color); font-size: var(--bs-body-font-size); font-weight: var(--bs-body-font-weight); text-align: var(--bs-body-text-align); background-color: var(--bs-body-bg);\">Los servicios de mapas y cartograf\u00eda en l\u00ednea, siempre y cuando la informaci\u00f3n esencial se proporcione de manera accesible digitalmente en el caso de mapas destinados a la navegaci\u00f3n<\/em><span style=\"color: var(--bs-body-color); font-size: var(--bs-body-font-size); font-weight: var(--bs-body-font-weight); text-align: var(--bs-body-text-align); background-color: var(--bs-body-bg);\">\u00bb<\/span><\/p>\n<p style=\"padding-left: 40px;\">En consecuencia, las aplicaciones web y p\u00e1ginas que se publican desde este sitio web que incluyen servicios de mapas y cartograf\u00eda en l\u00ednea quedan excluidas del \u00e1mbito de aplicaci\u00f3n del&nbsp;<a href=\"https:\/\/www.boe.es\/diario_boe\/txt.php?id=BOE-A-2018-12699\" target=\"_blank\" rel=\"noopener\">Real Decreto 1112\/2018<\/a><\/p>\n<ul>\n<li class=\"MsoNormal\">Podr\u00edan existir archivos ofim\u00e1ticos en PDF u otros formatos que no cumplan en su totalidad todos los requisitos de accesibilidad.<\/li>\n<\/ul>\n<p class=\"MsoNormal\"><strong>Preparaci\u00f3n de la presente declaraci\u00f3n de accesibilidad<\/strong><\/p>\n<p class=\"MsoNormal\">La presente declaraci\u00f3n fue preparada el 18 de abril de 2023.<\/p>\n<p class=\"MsoNormal\">El m\u00e9todo empleado para preparar la declaraci\u00f3n ha sido una autoevaluaci\u00f3n llevada a cabo por el propio organismo.<\/p>\n<p class=\"MsoNormal\">\u00daltima revisi\u00f3n de la declaraci\u00f3n: 18 de abril de 2023.<\/p>\n<p class=\"MsoNormal\"><strong>Observaciones y datos de contacto<\/strong><\/p>\n<p class=\"MsoNormal\">Puede realizar comunicaciones sobre requisitos de accesibilidad (art\u00edculo 10.2.a. del RD 1112\/2018) como por ejemplo:<\/p>\n<ul>\n<li class=\"MsoNormal\">Informar sobre cualquier posible incumplimiento por parte de este sitio web<\/li>\n<li class=\"MsoNormal\">Transmitir otras dificultades de acceso al contenido<\/li>\n<li class=\"MsoNormal\">Formular cualquier otra consulta o sugerencia de mejora relativa a la accesibilidad del sitio web.<\/li>\n<\/ul>\n<p class=\"MsoNormal\">A trav\u00e9s del correo electr\u00f3nico ihmcdatos@mde.es<\/p>\n<p class=\"MsoNormal\">Las comunicaciones ser\u00e1n recibidas y tratadas por el Centro de Datos del IHM.<\/p>\n<p class=\"MsoNormal\"><strong>Procedimiento de aplicaci\u00f3n<\/strong><\/p>\n<p class=\"MsoNormal\">El procedimiento de reclamaci\u00f3n recogido en el art\u00edculo 13 del RD 1112\/2018, que&nbsp; entr\u00f3 en vigor el 20 de septiembre de 2020.<\/p>\n<p class=\"MsoNormal\"><strong>Contenido opcional<\/strong><\/p>\n<p class=\"MsoNormal\">La \u00faltima revisi\u00f3n de accesibilidad se ha realizado en abril de 2023.<\/p>\n<p class=\"MsoNormal\"><span style=\"background-color: var(--bs-body-bg); color: var(--bs-body-color); font-size: var(--bs-body-font-size); font-weight: var(--bs-body-font-weight); text-align: var(--bs-body-text-align);\">El sitio web est\u00e1 optimizado para los navegadores Microsoft Edge, Google Chrome, Mozilla Firefox.<\/span><\/p>\t\t\t\t\t\t\t\t<\/div>\n\t\t\t\t<\/div>\n\t\t\t\t\t<\/div>\n\t\t<\/div>\n\t\t\t\t\t<\/div>\n\t\t<\/section>\n\t\t\t\t<\/div>\n\t\t","protected":false},"excerpt":{"rendered":"<p>Accesibilidad Declaraci\u00f3n de Accesibilidad La Armada Espa\u00f1ola, y en particular el Instituto Hidrogr\u00e1fico de la Marina (IHM), cumpliendo con su compromiso con la accesibilidad, abre las puertas de su espacio web a toda persona que desee acceder a \u00e9l, eliminando las barreras visuales y tecnol\u00f3gicas que puedan presentar personas con alguna discapacidad (f\u00edsica, sensorial o [&hellip;]<\/p>\n","protected":false},"author":4,"featured_media":0,"parent":0,"menu_order":0,"comment_status":"closed","ping_status":"closed","template":"elementor_header_footer","meta":{"footnotes":""},"class_list":["post-1645","page","type-page","status-publish","hentry"],"yoast_head":"<!-- This site is optimized with the Yoast SEO plugin v26.2 - https:\/\/yoast.com\/wordpress\/plugins\/seo\/ -->\r\n<title>Accesibilidad - IdeIHM<\/title>\r\n<meta name=\"description\" content=\"Consulta la Declaraci\u00f3n de Accesibilidad del portal IDE-IHM: nivel de conformidad con el RD 1112\/2018, contenidos no accesibles, fecha de revisi\u00f3n y canal de contacto para incidencias.\" \/>\r\n<meta name=\"robots\" content=\"index, follow, max-snippet:-1, max-image-preview:large, max-video-preview:-1\" \/>\r\n<link rel=\"canonical\" href=\"https:\/\/ideihm.covam.es\/portal\/accesibilidad\/\" \/>\r\n<meta property=\"og:locale\" content=\"es_ES\" \/>\r\n<meta property=\"og:type\" content=\"article\" \/>\r\n<meta property=\"og:title\" content=\"Accesibilidad - IdeIHM\" \/>\r\n<meta property=\"og:description\" content=\"Consulta la Declaraci\u00f3n de Accesibilidad del portal IDE-IHM: nivel de conformidad con el RD 1112\/2018, contenidos no accesibles, fecha de revisi\u00f3n y canal de contacto para incidencias.\" \/>\r\n<meta property=\"og:url\" content=\"https:\/\/ideihm.covam.es\/portal\/accesibilidad\/\" \/>\r\n<meta property=\"og:site_name\" content=\"IdeIHM\" \/>\r\n<meta property=\"article:modified_time\" content=\"2026-02-27T07:56:06+00:00\" \/>\r\n<meta name=\"twitter:card\" content=\"summary_large_image\" \/>\r\n<meta name=\"twitter:label1\" content=\"Tiempo de lectura\" \/>\n\t<meta name=\"twitter:data1\" content=\"3 minutos\" \/>\r\n<script type=\"application\/ld+json\" class=\"yoast-schema-graph\">{\"@context\":\"https:\/\/schema.org\",\"@graph\":[{\"@type\":\"WebPage\",\"@id\":\"https:\/\/ideihm.covam.es\/portal\/accesibilidad\/\",\"url\":\"https:\/\/ideihm.covam.es\/portal\/accesibilidad\/\",\"name\":\"Accesibilidad - IdeIHM\",\"isPartOf\":{\"@id\":\"https:\/\/ideihm.covam.es\/portal\/#website\"},\"datePublished\":\"2023-04-18T10:40:42+00:00\",\"dateModified\":\"2026-02-27T07:56:06+00:00\",\"description\":\"Consulta la Declaraci\u00f3n de Accesibilidad del portal IDE-IHM: nivel de conformidad con el RD 1112\/2018, contenidos no accesibles, fecha de revisi\u00f3n y canal de contacto para incidencias.\",\"breadcrumb\":{\"@id\":\"https:\/\/ideihm.covam.es\/portal\/accesibilidad\/#breadcrumb\"},\"inLanguage\":\"es\",\"potentialAction\":[{\"@type\":\"ReadAction\",\"target\":[\"https:\/\/ideihm.covam.es\/portal\/accesibilidad\/\"]}]},{\"@type\":\"BreadcrumbList\",\"@id\":\"https:\/\/ideihm.covam.es\/portal\/accesibilidad\/#breadcrumb\",\"itemListElement\":[{\"@type\":\"ListItem\",\"position\":1,\"name\":\"Portada\",\"item\":\"https:\/\/ideihm.covam.es\/portal\/\"},{\"@type\":\"ListItem\",\"position\":2,\"name\":\"Accesibilidad\"}]},{\"@type\":\"WebSite\",\"@id\":\"https:\/\/ideihm.covam.es\/portal\/#website\",\"url\":\"https:\/\/ideihm.covam.es\/portal\/\",\"name\":\"IdeIHM\",\"description\":\"Geoportal de la Infraestructura de datos espaciales del Instituto Hidrogr\u00e1fico de la Marina\",\"publisher\":{\"@id\":\"https:\/\/ideihm.covam.es\/portal\/#organization\"},\"potentialAction\":[{\"@type\":\"SearchAction\",\"target\":{\"@type\":\"EntryPoint\",\"urlTemplate\":\"https:\/\/ideihm.covam.es\/portal\/?s={search_term_string}\"},\"query-input\":{\"@type\":\"PropertyValueSpecification\",\"valueRequired\":true,\"valueName\":\"search_term_string\"}}],\"inLanguage\":\"es\"},{\"@type\":\"Organization\",\"@id\":\"https:\/\/ideihm.covam.es\/portal\/#organization\",\"name\":\"IdeIHM\",\"url\":\"https:\/\/ideihm.covam.es\/portal\/\",\"logo\":{\"@type\":\"ImageObject\",\"inLanguage\":\"es\",\"@id\":\"https:\/\/ideihm.covam.es\/portal\/#\/schema\/logo\/image\/\",\"url\":\"https:\/\/ideihm.covam.es\/portal\/wp-content\/uploads\/logo-ide-ihm.png\",\"contentUrl\":\"https:\/\/ideihm.covam.es\/portal\/wp-content\/uploads\/logo-ide-ihm.png\",\"width\":153,\"height\":153,\"caption\":\"IdeIHM\"},\"image\":{\"@id\":\"https:\/\/ideihm.covam.es\/portal\/#\/schema\/logo\/image\/\"}}]}<\/script>\r\n<!-- \/ Yoast SEO plugin. -->","yoast_head_json":{"title":"Accesibilidad - IdeIHM","description":"Consulta la Declaraci\u00f3n de Accesibilidad del portal IDE-IHM: nivel de conformidad con el RD 1112\/2018, contenidos no accesibles, fecha de revisi\u00f3n y canal de contacto para incidencias.","robots":{"index":"index","follow":"follow","max-snippet":"max-snippet:-1","max-image-preview":"max-image-preview:large","max-video-preview":"max-video-preview:-1"},"canonical":"https:\/\/ideihm.covam.es\/portal\/accesibilidad\/","og_locale":"es_ES","og_type":"article","og_title":"Accesibilidad - IdeIHM","og_description":"Consulta la Declaraci\u00f3n de Accesibilidad del portal IDE-IHM: nivel de conformidad con el RD 1112\/2018, contenidos no accesibles, fecha de revisi\u00f3n y canal de contacto para incidencias.","og_url":"https:\/\/ideihm.covam.es\/portal\/accesibilidad\/","og_site_name":"IdeIHM","article_modified_time":"2026-02-27T07:56:06+00:00","twitter_card":"summary_large_image","twitter_misc":{"Tiempo de lectura":"3 minutos"},"schema":{"@context":"https:\/\/schema.org","@graph":[{"@type":"WebPage","@id":"https:\/\/ideihm.covam.es\/portal\/accesibilidad\/","url":"https:\/\/ideihm.covam.es\/portal\/accesibilidad\/","name":"Accesibilidad - IdeIHM","isPartOf":{"@id":"https:\/\/ideihm.covam.es\/portal\/#website"},"datePublished":"2023-04-18T10:40:42+00:00","dateModified":"2026-02-27T07:56:06+00:00","description":"Consulta la Declaraci\u00f3n de Accesibilidad del portal IDE-IHM: nivel de conformidad con el RD 1112\/2018, contenidos no accesibles, fecha de revisi\u00f3n y canal de contacto para incidencias.","breadcrumb":{"@id":"https:\/\/ideihm.covam.es\/portal\/accesibilidad\/#breadcrumb"},"inLanguage":"es","potentialAction":[{"@type":"ReadAction","target":["https:\/\/ideihm.covam.es\/portal\/accesibilidad\/"]}]},{"@type":"BreadcrumbList","@id":"https:\/\/ideihm.covam.es\/portal\/accesibilidad\/#breadcrumb","itemListElement":[{"@type":"ListItem","position":1,"name":"Portada","item":"https:\/\/ideihm.covam.es\/portal\/"},{"@type":"ListItem","position":2,"name":"Accesibilidad"}]},{"@type":"WebSite","@id":"https:\/\/ideihm.covam.es\/portal\/#website","url":"https:\/\/ideihm.covam.es\/portal\/","name":"IdeIHM","description":"Geoportal de la Infraestructura de datos espaciales del Instituto Hidrogr\u00e1fico de la Marina","publisher":{"@id":"https:\/\/ideihm.covam.es\/portal\/#organization"},"potentialAction":[{"@type":"SearchAction","target":{"@type":"EntryPoint","urlTemplate":"https:\/\/ideihm.covam.es\/portal\/?s={search_term_string}"},"query-input":{"@type":"PropertyValueSpecification","valueRequired":true,"valueName":"search_term_string"}}],"inLanguage":"es"},{"@type":"Organization","@id":"https:\/\/ideihm.covam.es\/portal\/#organization","name":"IdeIHM","url":"https:\/\/ideihm.covam.es\/portal\/","logo":{"@type":"ImageObject","inLanguage":"es","@id":"https:\/\/ideihm.covam.es\/portal\/#\/schema\/logo\/image\/","url":"https:\/\/ideihm.covam.es\/portal\/wp-content\/uploads\/logo-ide-ihm.png","contentUrl":"https:\/\/ideihm.covam.es\/portal\/wp-content\/uploads\/logo-ide-ihm.png","width":153,"height":153,"caption":"IdeIHM"},"image":{"@id":"https:\/\/ideihm.covam.es\/portal\/#\/schema\/logo\/image\/"}}]}},"_links":{"self":[{"href":"https:\/\/ideihm.covam.es\/portal\/wp-json\/wp\/v2\/pages\/1645","targetHints":{"allow":["GET"]}}],"collection":[{"href":"https:\/\/ideihm.covam.es\/portal\/wp-json\/wp\/v2\/pages"}],"about":[{"href":"https:\/\/ideihm.covam.es\/portal\/wp-json\/wp\/v2\/types\/page"}],"author":[{"embeddable":true,"href":"https:\/\/ideihm.covam.es\/portal\/wp-json\/wp\/v2\/users\/4"}],"replies":[{"embeddable":true,"href":"https:\/\/ideihm.covam.es\/portal\/wp-json\/wp\/v2\/comments?post=1645"}],"version-history":[{"count":1,"href":"https:\/\/ideihm.covam.es\/portal\/wp-json\/wp\/v2\/pages\/1645\/revisions"}],"predecessor-version":[{"id":1926,"href":"https:\/\/ideihm.covam.es\/portal\/wp-json\/wp\/v2\/pages\/1645\/revisions\/1926"}],"wp:attachment":[{"href":"https:\/\/ideihm.covam.es\/portal\/wp-json\/wp\/v2\/media?parent=1645"}],"curies":[{"name":"wp","href":"https:\/\/api.w.org\/{rel}","templated":true}]}}