{"id":1832,"date":"2025-03-10T20:02:40","date_gmt":"2025-03-10T18:02:40","guid":{"rendered":"https:\/\/ideihm.covam.es\/portal\/?page_id=1832"},"modified":"2026-02-27T10:42:06","modified_gmt":"2026-02-27T08:42:06","slug":"politica-de-cookies","status":"publish","type":"page","link":"https:\/\/ideihm.covam.es\/portal\/politica-de-cookies\/","title":{"rendered":"Pol\u00edtica de Cookies"},"content":{"rendered":"\t\t<div data-elementor-type=\"wp-page\" data-elementor-id=\"1832\" class=\"elementor elementor-1832\">\n\t\t\t\t\t\t<section class=\"elementor-section elementor-top-section elementor-element elementor-element-2c60d49 elementor-section-boxed elementor-section-height-default elementor-section-height-default\" data-id=\"2c60d49\" data-element_type=\"section\" data-settings=\"{&quot;background_background&quot;:&quot;classic&quot;}\">\n\t\t\t\t\t\t\t<div class=\"elementor-background-overlay\"><\/div>\n\t\t\t\t\t\t\t<div class=\"elementor-container elementor-column-gap-default\">\n\t\t\t\t\t<div class=\"elementor-column elementor-col-100 elementor-top-column elementor-element elementor-element-2f2c76b\" data-id=\"2f2c76b\" data-element_type=\"column\">\n\t\t\t<div class=\"elementor-widget-wrap elementor-element-populated\">\n\t\t\t\t\t\t<div class=\"elementor-element elementor-element-07d6c0a elementor-widget elementor-widget-heading\" data-id=\"07d6c0a\" data-element_type=\"widget\" data-widget_type=\"heading.default\">\n\t\t\t\t<div class=\"elementor-widget-container\">\n\t\t\t\t\t<h1 class=\"elementor-heading-title elementor-size-default\">Pol\u00edtica de Cookies<\/h1>\t\t\t\t<\/div>\n\t\t\t\t<\/div>\n\t\t\t\t\t<\/div>\n\t\t<\/div>\n\t\t\t\t\t<\/div>\n\t\t<\/section>\n\t\t\t\t<section class=\"elementor-section elementor-top-section elementor-element elementor-element-7c8b10d elementor-section-boxed elementor-section-height-default elementor-section-height-default\" data-id=\"7c8b10d\" data-element_type=\"section\">\n\t\t\t\t\t\t<div class=\"elementor-container elementor-column-gap-default\">\n\t\t\t\t\t<div class=\"elementor-column elementor-col-100 elementor-top-column elementor-element elementor-element-1645216\" data-id=\"1645216\" data-element_type=\"column\">\n\t\t\t<div class=\"elementor-widget-wrap elementor-element-populated\">\n\t\t\t\t\t\t<div class=\"elementor-element elementor-element-083bd6c elementor-widget elementor-widget-text-editor\" data-id=\"083bd6c\" data-element_type=\"widget\" data-widget_type=\"text-editor.default\">\n\t\t\t\t<div class=\"elementor-widget-container\">\n\t\t\t\t\t\t\t\t\t<p><strong>\u00bfQu\u00e9 es una cookie?<\/strong><\/p><p>Las cookies son archivos que se descargan en su equipo a trav\u00e9s de las p\u00e1ginas web. Son herramientas que tienen un papel esencial para la prestaci\u00f3n de numerosos servicios de la sociedad de la informaci\u00f3n. Entre otros servicios, permiten a una p\u00e1gina web almacenar y recuperar informaci\u00f3n, como las preferencias de los usuarios o los h\u00e1bitos de navegaci\u00f3n de un usuario o de su equipo como, por ejemplo, el idioma en que aparece la p\u00e1gina y, dependiendo de la informaci\u00f3n obtenida, se pueden utilizar para reconocer al usuario y mejorar el servicio ofrecido.<\/p><p><strong>Desactivaci\u00f3n y eliminaci\u00f3n de cookies a trav\u00e9s de las opciones del navegador.<\/strong><\/p><p>Usted tiene la opci\u00f3n de permitir, bloquear o eliminar las cookies instaladas en su equipo mediante la configuraci\u00f3n de las opciones del navegador instalado en su equipo. Al desactivar cookies, algunos de los servicios disponibles podr\u00edan dejar de estar operativos. La forma de deshabilitar las cookies es diferente para cada navegador, pero normalmente puede hacerse desde el men\u00fa Herramientas u Opciones. Tambi\u00e9n puede consultarse el men\u00fa de Ayuda del navegador d\u00f3nde podr\u00e1 encontrar instrucciones. El usuario podr\u00e1 en cualquier momento elegir qu\u00e9 cookies quiere que funcionen en este sitio web.<\/p><p>Puede usted permitir, bloquear o eliminar las cookies instaladas en su equipo mediante la configuraci\u00f3n de las opciones del navegador instalado en su ordenador:<\/p><ul><li>Microsoft Internet Explorer o Microsoft Edge: <a href=\"http:\/\/HTTP:\/\/WINDOWS.MICROSOFT.COM\/ES-ES\/WINDOWS-VISTA\/BLOCK-OR-ALLOW-COOKIES\">HTTP:\/\/WINDOWS.MICROSOFT.COM\/ES-ES\/WINDOWS-VISTA\/BLOCK-OR-ALLOW-COOKIES<\/a><\/li><li>Mozilla Firefox: <a href=\"http:\/\/HTTP:\/\/SUPPORT.MOZILLA.ORG\/ES\/KB\/IMPEDIR-QUE-LOS-SITIOS-WEB-GUARDEN-SUS-PREFERENCIA\">HTTP:\/\/SUPPORT.MOZILLA.ORG\/ES\/KB\/IMPEDIR-QUE-LOS-SITIOS-WEB-GUARDEN-SUS-PREFERENCIA<\/a><\/li><li>Chrome: <a href=\"http:\/\/HTTPS:\/\/SUPPORT.GOOGLE.COM\/ACCOUNTS\/ANSWER\/61416?HL=ES\">HTTPS:\/\/SUPPORT.GOOGLE.COM\/ACCOUNTS\/ANSWER\/61416?HL=ES<\/a><\/li><li>Safari: <a href=\"http:\/\/HTTP:\/\/SAFARI.HELPMAX.NET\/ES\/PRIVACIDAD-Y-SEGURIDAD\/COMO-GESTIONAR-LAS-COOKIES\/\">HTTP:\/\/SAFARI.HELPMAX.NET\/ES\/PRIVACIDAD-Y-SEGURIDAD\/COMO-GESTIONAR-LAS-COOKIES\/<\/a><\/li><li>Opera: <a href=\"http:\/\/HTTP:\/\/HELP.OPERA.COM\/LINUX\/10.60\/ES-ES\/COOKIES.HTML\">HTTP:\/\/HELP.OPERA.COM\/LINUX\/10.60\/ES-ES\/COOKIES.HTML<\/a><\/li><\/ul><p>A continuaci\u00f3n, se identifican las cookies que est\u00e1n siendo utilizadas en la p\u00e1gina web, as\u00ed como su tipolog\u00eda, su funci\u00f3n y su plazo de conservaci\u00f3n:<\/p><table style=\"border-collapse: collapse; width: 100%;\"><colgroup> <col width=\"15%\" \/> <col width=\"20%\" \/> <col width=\"10%\" \/> <col width=\"10%\" \/> <col width=\"20%\" \/> <col width=\"30%\" \/> <\/colgroup><tbody><tr><th>Proveedor<\/th><th>Duraci\u00f3n<\/th><th>Propiedad<\/th><th>Tipo<\/th><th>Nombre<\/th><th>Finalidad<\/th><\/tr><tr style=\"background-color: #dddddd;\"><td>Google Analytics<\/td><td>2 a\u00f1os a partir de la configuraci\u00f3n o actualizaci\u00f3n<\/td><td>Terceros<\/td><td>Anal\u00edticas<\/td><td>_ga<\/td><td>Se utiliza para calcular los datos de visitantes, sesiones, campa\u00f1as y realizar un seguimiento del uso del sitio web para el informe anal\u00edtico de dicho sitio web. Las cookies almacenan informaci\u00f3n de forma an\u00f3nima y asignan un n\u00famero generado aleatoriamente para identificar visitantes \u00fanicos.<\/td><\/tr><tr><td>Google Analytics<\/td><td>Sesi\u00f3n<\/td><td>Terceros<\/td><td>Anal\u00edticas<\/td><td>_ga_&lt;container id&gt;<\/td><td>Se utiliza para mantener el estado de la sesi\u00f3n. Las cookies almacenan informaci\u00f3n de forma an\u00f3nima y asignan un n\u00famero generado aleatoriamente para identificar visitantes \u00fanicos.<\/td><\/tr><tr style=\"background-color: #dddddd;\"><td>WordPress<\/td><td>1 a\u00f1o<\/td><td>Terceros<\/td><td>Personalizaci\u00f3n<\/td><td>cdp-cookies-plugin-wp<\/td><td>muestra o no\u00a0 el aviso de pol\u00edtica de cookies en funci\u00f3n de si ya se ha aceptado o no.<\/td><\/tr><tr><td>WordPress<\/td><td>1 a\u00f1o<\/td><td>Terceros<\/td><td>Personalizaci\u00f3n<\/td><td>pll_language<\/td><td>recuerda el idioma seleccionado por el usuario cuando regresa al sitio web, y tambi\u00e9n obtiene la informaci\u00f3n del idioma cuando no est\u00e1 disponible de otra manera.<\/td><\/tr><tr style=\"background-color: #dddddd;\"><td>WordPress<\/td><td>Sesi\u00f3n<\/td><td>Terceros<\/td><td>Personalizaci\u00f3n<\/td><td>wordpress_test_cookie<\/td><td>Comprueba si el navegador tiene las cookies activadas.<\/td><\/tr><tr><td>WordPress<\/td><td>Sesi\u00f3n<\/td><td>Terceros<\/td><td>Personalizaci\u00f3n<\/td><td>wp_lang<\/td><td>Almacena configuraci\u00f3n de idioma.<\/td><\/tr><\/tbody><\/table>\t\t\t\t\t\t\t\t<\/div>\n\t\t\t\t<\/div>\n\t\t\t\t\t<\/div>\n\t\t<\/div>\n\t\t\t\t\t<\/div>\n\t\t<\/section>\n\t\t\t\t<\/div>\n\t\t","protected":false},"excerpt":{"rendered":"<p>Pol\u00edtica de Cookies \u00bfQu\u00e9 es una cookie? Las cookies son archivos que se descargan en su equipo a trav\u00e9s de las p\u00e1ginas web. Son herramientas que tienen un papel esencial para la prestaci\u00f3n de numerosos servicios de la sociedad de la informaci\u00f3n. Entre otros servicios, permiten a una p\u00e1gina web almacenar y recuperar informaci\u00f3n, como [&hellip;]<\/p>\n","protected":false},"author":4,"featured_media":0,"parent":0,"menu_order":0,"comment_status":"closed","ping_status":"closed","template":"elementor_header_footer","meta":{"footnotes":""},"class_list":["post-1832","page","type-page","status-publish","hentry"],"yoast_head":"<!-- This site is optimized with the Yoast SEO plugin v26.2 - https:\/\/yoast.com\/wordpress\/plugins\/seo\/ -->\r\n<title>Pol\u00edtica de Cookies - IdeIHM<\/title>\r\n<meta name=\"description\" content=\"Consulta la Pol\u00edtica de Cookies del geoportal IDE-IHM: qu\u00e9 son las cookies, c\u00f3mo gestionarlas desde el navegador y qu\u00e9 cookies usa el sitio (Google Analytics y WordPress), su finalidad y duraci\u00f3n.\" \/>\r\n<meta name=\"robots\" content=\"index, follow, max-snippet:-1, max-image-preview:large, max-video-preview:-1\" \/>\r\n<link rel=\"canonical\" href=\"https:\/\/ideihm.covam.es\/portal\/politica-de-cookies\/\" \/>\r\n<meta property=\"og:locale\" content=\"es_ES\" \/>\r\n<meta property=\"og:type\" content=\"article\" \/>\r\n<meta property=\"og:title\" content=\"Pol\u00edtica de Cookies - IdeIHM\" \/>\r\n<meta property=\"og:description\" content=\"Consulta la Pol\u00edtica de Cookies del geoportal IDE-IHM: qu\u00e9 son las cookies, c\u00f3mo gestionarlas desde el navegador y qu\u00e9 cookies usa el sitio (Google Analytics y WordPress), su finalidad y duraci\u00f3n.\" \/>\r\n<meta property=\"og:url\" content=\"https:\/\/ideihm.covam.es\/portal\/politica-de-cookies\/\" \/>\r\n<meta property=\"og:site_name\" content=\"IdeIHM\" \/>\r\n<meta property=\"article:modified_time\" content=\"2026-02-27T08:42:06+00:00\" \/>\r\n<meta name=\"twitter:card\" content=\"summary_large_image\" \/>\r\n<meta name=\"twitter:label1\" content=\"Tiempo de lectura\" \/>\n\t<meta name=\"twitter:data1\" content=\"3 minutos\" \/>\r\n<script type=\"application\/ld+json\" class=\"yoast-schema-graph\">{\"@context\":\"https:\/\/schema.org\",\"@graph\":[{\"@type\":\"WebPage\",\"@id\":\"https:\/\/ideihm.covam.es\/portal\/politica-de-cookies\/\",\"url\":\"https:\/\/ideihm.covam.es\/portal\/politica-de-cookies\/\",\"name\":\"Pol\u00edtica de Cookies - IdeIHM\",\"isPartOf\":{\"@id\":\"https:\/\/ideihm.covam.es\/portal\/#website\"},\"datePublished\":\"2025-03-10T18:02:40+00:00\",\"dateModified\":\"2026-02-27T08:42:06+00:00\",\"description\":\"Consulta la Pol\u00edtica de Cookies del geoportal IDE-IHM: qu\u00e9 son las cookies, c\u00f3mo gestionarlas desde el navegador y qu\u00e9 cookies usa el sitio (Google Analytics y WordPress), su finalidad y duraci\u00f3n.\",\"breadcrumb\":{\"@id\":\"https:\/\/ideihm.covam.es\/portal\/politica-de-cookies\/#breadcrumb\"},\"inLanguage\":\"es\",\"potentialAction\":[{\"@type\":\"ReadAction\",\"target\":[\"https:\/\/ideihm.covam.es\/portal\/politica-de-cookies\/\"]}]},{\"@type\":\"BreadcrumbList\",\"@id\":\"https:\/\/ideihm.covam.es\/portal\/politica-de-cookies\/#breadcrumb\",\"itemListElement\":[{\"@type\":\"ListItem\",\"position\":1,\"name\":\"Portada\",\"item\":\"https:\/\/ideihm.covam.es\/portal\/\"},{\"@type\":\"ListItem\",\"position\":2,\"name\":\"Pol\u00edtica de Cookies\"}]},{\"@type\":\"WebSite\",\"@id\":\"https:\/\/ideihm.covam.es\/portal\/#website\",\"url\":\"https:\/\/ideihm.covam.es\/portal\/\",\"name\":\"IdeIHM\",\"description\":\"Geoportal de la Infraestructura de datos espaciales del Instituto Hidrogr\u00e1fico de la Marina\",\"publisher\":{\"@id\":\"https:\/\/ideihm.covam.es\/portal\/#organization\"},\"potentialAction\":[{\"@type\":\"SearchAction\",\"target\":{\"@type\":\"EntryPoint\",\"urlTemplate\":\"https:\/\/ideihm.covam.es\/portal\/?s={search_term_string}\"},\"query-input\":{\"@type\":\"PropertyValueSpecification\",\"valueRequired\":true,\"valueName\":\"search_term_string\"}}],\"inLanguage\":\"es\"},{\"@type\":\"Organization\",\"@id\":\"https:\/\/ideihm.covam.es\/portal\/#organization\",\"name\":\"IdeIHM\",\"url\":\"https:\/\/ideihm.covam.es\/portal\/\",\"logo\":{\"@type\":\"ImageObject\",\"inLanguage\":\"es\",\"@id\":\"https:\/\/ideihm.covam.es\/portal\/#\/schema\/logo\/image\/\",\"url\":\"https:\/\/ideihm.covam.es\/portal\/wp-content\/uploads\/logo-ide-ihm.png\",\"contentUrl\":\"https:\/\/ideihm.covam.es\/portal\/wp-content\/uploads\/logo-ide-ihm.png\",\"width\":153,\"height\":153,\"caption\":\"IdeIHM\"},\"image\":{\"@id\":\"https:\/\/ideihm.covam.es\/portal\/#\/schema\/logo\/image\/\"}}]}<\/script>\r\n<!-- \/ Yoast SEO plugin. -->","yoast_head_json":{"title":"Pol\u00edtica de Cookies - IdeIHM","description":"Consulta la Pol\u00edtica de Cookies del geoportal IDE-IHM: qu\u00e9 son las cookies, c\u00f3mo gestionarlas desde el navegador y qu\u00e9 cookies usa el sitio (Google Analytics y WordPress), su finalidad y duraci\u00f3n.","robots":{"index":"index","follow":"follow","max-snippet":"max-snippet:-1","max-image-preview":"max-image-preview:large","max-video-preview":"max-video-preview:-1"},"canonical":"https:\/\/ideihm.covam.es\/portal\/politica-de-cookies\/","og_locale":"es_ES","og_type":"article","og_title":"Pol\u00edtica de Cookies - IdeIHM","og_description":"Consulta la Pol\u00edtica de Cookies del geoportal IDE-IHM: qu\u00e9 son las cookies, c\u00f3mo gestionarlas desde el navegador y qu\u00e9 cookies usa el sitio (Google Analytics y WordPress), su finalidad y duraci\u00f3n.","og_url":"https:\/\/ideihm.covam.es\/portal\/politica-de-cookies\/","og_site_name":"IdeIHM","article_modified_time":"2026-02-27T08:42:06+00:00","twitter_card":"summary_large_image","twitter_misc":{"Tiempo de lectura":"3 minutos"},"schema":{"@context":"https:\/\/schema.org","@graph":[{"@type":"WebPage","@id":"https:\/\/ideihm.covam.es\/portal\/politica-de-cookies\/","url":"https:\/\/ideihm.covam.es\/portal\/politica-de-cookies\/","name":"Pol\u00edtica de Cookies - IdeIHM","isPartOf":{"@id":"https:\/\/ideihm.covam.es\/portal\/#website"},"datePublished":"2025-03-10T18:02:40+00:00","dateModified":"2026-02-27T08:42:06+00:00","description":"Consulta la Pol\u00edtica de Cookies del geoportal IDE-IHM: qu\u00e9 son las cookies, c\u00f3mo gestionarlas desde el navegador y qu\u00e9 cookies usa el sitio (Google Analytics y WordPress), su finalidad y duraci\u00f3n.","breadcrumb":{"@id":"https:\/\/ideihm.covam.es\/portal\/politica-de-cookies\/#breadcrumb"},"inLanguage":"es","potentialAction":[{"@type":"ReadAction","target":["https:\/\/ideihm.covam.es\/portal\/politica-de-cookies\/"]}]},{"@type":"BreadcrumbList","@id":"https:\/\/ideihm.covam.es\/portal\/politica-de-cookies\/#breadcrumb","itemListElement":[{"@type":"ListItem","position":1,"name":"Portada","item":"https:\/\/ideihm.covam.es\/portal\/"},{"@type":"ListItem","position":2,"name":"Pol\u00edtica de Cookies"}]},{"@type":"WebSite","@id":"https:\/\/ideihm.covam.es\/portal\/#website","url":"https:\/\/ideihm.covam.es\/portal\/","name":"IdeIHM","description":"Geoportal de la Infraestructura de datos espaciales del Instituto Hidrogr\u00e1fico de la Marina","publisher":{"@id":"https:\/\/ideihm.covam.es\/portal\/#organization"},"potentialAction":[{"@type":"SearchAction","target":{"@type":"EntryPoint","urlTemplate":"https:\/\/ideihm.covam.es\/portal\/?s={search_term_string}"},"query-input":{"@type":"PropertyValueSpecification","valueRequired":true,"valueName":"search_term_string"}}],"inLanguage":"es"},{"@type":"Organization","@id":"https:\/\/ideihm.covam.es\/portal\/#organization","name":"IdeIHM","url":"https:\/\/ideihm.covam.es\/portal\/","logo":{"@type":"ImageObject","inLanguage":"es","@id":"https:\/\/ideihm.covam.es\/portal\/#\/schema\/logo\/image\/","url":"https:\/\/ideihm.covam.es\/portal\/wp-content\/uploads\/logo-ide-ihm.png","contentUrl":"https:\/\/ideihm.covam.es\/portal\/wp-content\/uploads\/logo-ide-ihm.png","width":153,"height":153,"caption":"IdeIHM"},"image":{"@id":"https:\/\/ideihm.covam.es\/portal\/#\/schema\/logo\/image\/"}}]}},"_links":{"self":[{"href":"https:\/\/ideihm.covam.es\/portal\/wp-json\/wp\/v2\/pages\/1832","targetHints":{"allow":["GET"]}}],"collection":[{"href":"https:\/\/ideihm.covam.es\/portal\/wp-json\/wp\/v2\/pages"}],"about":[{"href":"https:\/\/ideihm.covam.es\/portal\/wp-json\/wp\/v2\/types\/page"}],"author":[{"embeddable":true,"href":"https:\/\/ideihm.covam.es\/portal\/wp-json\/wp\/v2\/users\/4"}],"replies":[{"embeddable":true,"href":"https:\/\/ideihm.covam.es\/portal\/wp-json\/wp\/v2\/comments?post=1832"}],"version-history":[{"count":18,"href":"https:\/\/ideihm.covam.es\/portal\/wp-json\/wp\/v2\/pages\/1832\/revisions"}],"predecessor-version":[{"id":1855,"href":"https:\/\/ideihm.covam.es\/portal\/wp-json\/wp\/v2\/pages\/1832\/revisions\/1855"}],"wp:attachment":[{"href":"https:\/\/ideihm.covam.es\/portal\/wp-json\/wp\/v2\/media?parent=1832"}],"curies":[{"name":"wp","href":"https:\/\/api.w.org\/{rel}","templated":true}]}}