{"id":78,"date":"2022-01-14T11:41:47","date_gmt":"2022-01-14T10:41:47","guid":{"rendered":"http:\/\/localhost\/ide-ihm\/?page_id=78"},"modified":"2026-02-27T10:07:10","modified_gmt":"2026-02-27T08:07:10","slug":"inspire-ide","status":"publish","type":"page","link":"https:\/\/ideihm.covam.es\/portal\/inspire-ide\/","title":{"rendered":"Inspire IDE"},"content":{"rendered":"\t\t<div data-elementor-type=\"wp-page\" data-elementor-id=\"78\" class=\"elementor elementor-78\">\n\t\t\t\t\t\t<section class=\"elementor-section elementor-top-section elementor-element elementor-element-c6d13d0 elementor-section-boxed elementor-section-height-default elementor-section-height-default\" data-id=\"c6d13d0\" data-element_type=\"section\" data-settings=\"{&quot;background_background&quot;:&quot;classic&quot;}\">\n\t\t\t\t\t\t\t<div class=\"elementor-background-overlay\"><\/div>\n\t\t\t\t\t\t\t<div class=\"elementor-container elementor-column-gap-default\">\n\t\t\t\t\t<div class=\"elementor-column elementor-col-100 elementor-top-column elementor-element elementor-element-551efd8\" data-id=\"551efd8\" data-element_type=\"column\">\n\t\t\t<div class=\"elementor-widget-wrap elementor-element-populated\">\n\t\t\t\t\t\t<div class=\"elementor-element elementor-element-113b5f5 elementor-widget elementor-widget-heading\" data-id=\"113b5f5\" data-element_type=\"widget\" data-widget_type=\"heading.default\">\n\t\t\t\t<div class=\"elementor-widget-container\">\n\t\t\t\t\t<h1 class=\"elementor-heading-title elementor-size-default\">Inspire-IDE<\/h1>\t\t\t\t<\/div>\n\t\t\t\t<\/div>\n\t\t\t\t\t<\/div>\n\t\t<\/div>\n\t\t\t\t\t<\/div>\n\t\t<\/section>\n\t\t\t\t<section class=\"elementor-section elementor-top-section elementor-element elementor-element-d528752 elementor-section-boxed elementor-section-height-default elementor-section-height-default\" data-id=\"d528752\" data-element_type=\"section\">\n\t\t\t\t\t\t<div class=\"elementor-container elementor-column-gap-default\">\n\t\t\t\t\t<div class=\"elementor-column elementor-col-100 elementor-top-column elementor-element elementor-element-38ac9fa\" data-id=\"38ac9fa\" data-element_type=\"column\">\n\t\t\t<div class=\"elementor-widget-wrap elementor-element-populated\">\n\t\t\t\t\t\t<div class=\"elementor-element elementor-element-ab6f848 elementor-widget elementor-widget-eael-adv-tabs\" data-id=\"ab6f848\" data-element_type=\"widget\" data-widget_type=\"eael-adv-tabs.default\">\n\t\t\t\t<div class=\"elementor-widget-container\">\n\t\t\t\t\t        <div data-scroll-on-click=\"no\" data-scroll-speed=\"300\" id=\"eael-advance-tabs-ab6f848\" class=\"eael-advance-tabs eael-tabs-horizontal eael-tab-auto-active  responsive-vertical-layout\" data-tabid=\"ab6f848\">\n            <div class=\"eael-tabs-nav \">\n                <ul class=\"eael-tab-inline-icon\" role=\"tablist\">\n                                            <li id=\"inspire\" class=\"active-default eael-tab-item-trigger eael-tab-nav-item\" aria-selected=\"true\" data-tab=\"1\" role=\"tab\" tabindex=\"0\" aria-controls=\"inspire-tab\" aria-expanded=\"false\">\n                            \n                                                                <img decoding=\"async\" src=\"https:\/\/ideihm.covam.es\/portal\/wp-content\/uploads\/inspire.png\" alt=\"\">\n                                                            \n                                                            <span class=\"eael-tab-title title-after-icon\" >INSPIRE<\/span>                            \n                                                    <\/li>\n                                            <li id=\"idee\" class=\"inactive eael-tab-item-trigger eael-tab-nav-item\" aria-selected=\"false\" data-tab=\"2\" role=\"tab\" tabindex=\"-1\" aria-controls=\"idee-tab\" aria-expanded=\"false\">\n                            \n                                                                <img decoding=\"async\" src=\"https:\/\/ideihm.covam.es\/portal\/wp-content\/uploads\/logoidee.png\" alt=\"\">\n                                                            \n                                                            <span class=\"eael-tab-title title-after-icon\" >IDEE<\/span>                            \n                                                    <\/li>\n                                            <li id=\"msdi\" class=\"inactive eael-tab-item-trigger eael-tab-nav-item\" aria-selected=\"false\" data-tab=\"3\" role=\"tab\" tabindex=\"-1\" aria-controls=\"msdi-tab\" aria-expanded=\"false\">\n                            \n                                                                <img decoding=\"async\" src=\"https:\/\/iho.int\/uploads\/user\/logo\/AnchorTile.jpg\" alt=\"\">\n                                                            \n                                                            <span class=\"eael-tab-title title-after-icon\" >MSDI<\/span>                            \n                                                    <\/li>\n                    \n                                  <\/ul>\n            <\/div>\n            \n            <div class=\"eael-tabs-content\">\n\t\t        \n                    <div id=\"inspire-tab\" class=\"clearfix eael-tab-content-item active-default\" data-title-link=\"inspire-tab\">\n\t\t\t\t        <div style=\"text-align: justify !important;\"><p>En el a\u00f1o 2007, el Parlamento Europeo y el Consejo de la UE, adoptaron la\u00a0<span style=\"text-decoration: underline;\"><a href=\"http:\/\/ideihm.covam.es\/Legislacion\/DIRECTIVAINSPIREESPANOL.pdf\" target=\"_blank\" rel=\"noreferrer noopener\">DIRECTIVA 2007\/2\/CE de Infraestructura de informaci\u00f3n espacial en la Comunidad Europea (INfrastructures for SPatial InfoRmation in the European Union, INSPIRE)<\/a><\/span>. El objetivo de esta DIRECTIVA es fijar normas generales para establecer una infraestructura de informaci\u00f3n espacial orientada a la aplicaci\u00f3n de las pol\u00edticas y actuaciones comunitarias que puedan incidir en el medio ambiente.<\/p><h1><img decoding=\"async\" class=\"alignleft\" src=\"https:\/\/ideihm.covam.es\/portal\/wp-content\/uploads\/inspire.png\" alt=\"\" width=\"200\" height=\"198\" \/><\/h1><p>Para cumplir su objetivo, INSPIRE crea un entorno de red en el que todos aquellos organismos de la UE, productores de informaci\u00f3n espacial, puedan ofrecerla al resto pero, adem\u00e1s, con capacidad de interoperaci\u00f3n entre ellas y con acceso p\u00fablico a usuarios ajenos a la producci\u00f3n.<\/p><p>INSPIRE se fundamenta en una serie de principios comunes: evitar la duplicidad de esfuerzos en la captura de datos, alojarlos en el lugar donde puedan ser mantenidos de forma m\u00e1s eficiente, mantener la posibilidad de combinar la informaci\u00f3n espacial desde diversas fuentes en toda Europa, compartir esta informaci\u00f3n con m\u00faltiples usuarios y aplicaciones, que la informaci\u00f3n sea compatible a distintas escalas y que exista informarci\u00f3n clara para el usuario sobre la informaci\u00f3n geogr\u00e1fica disponible, la forma de empleo para una necesidad concreta, y las condiciones en que pueda ser adquirida y utilizada.<\/p><p>Esta infraestructura Europea toma, como punto de partida, las infraestructuras de informaci\u00f3n espacial (IDE) que deben establecer y gestionar los Estados miembros. Por tanto, un factor primordial a tener en cuenta es asegurar que las IDE de los Estados miembros sean compatibles e interoperables en un contexto comunitario y transfronterizo. Para ello, la DIRECTIVA exige que se adopten normas de ejecuci\u00f3n comunes (<span style=\"text-decoration: underline;\"><em><a href=\"http:\/\/inspire.jrc.ec.europa.eu\/index.cfm\/pageid\/47\" target=\"_blank\" rel=\"noreferrer noopener\">Implementing Rules<\/a><\/em><\/span>) espec\u00edficas para las \u00e1reas de\u00a0<span style=\"text-decoration: underline;\"><a href=\"http:\/\/inspire.jrc.ec.europa.eu\/index.cfm\/pageid\/101\" target=\"_blank\" rel=\"noreferrer noopener\">Metadatos<\/a><\/span>,\u00a0<span style=\"text-decoration: underline;\"><a href=\"http:\/\/inspire.jrc.ec.europa.eu\/index.cfm\/pageid\/2\" target=\"_blank\" rel=\"noreferrer noopener\">Especificaciones de datos<\/a><\/span>,\u00a0<span style=\"text-decoration: underline;\"><a href=\"http:\/\/inspire.jrc.ec.europa.eu\/index.cfm\/pageid\/5\" target=\"_blank\" rel=\"noreferrer noopener\">Servicios de red<\/a><\/span>,\u00a0<span style=\"text-decoration: underline;\"><a href=\"http:\/\/inspire.jrc.ec.europa.eu\/index.cfm\/pageid\/62\" target=\"_blank\" rel=\"noreferrer noopener\">Datos y servicios de uso compartido<\/a><\/span>\u00a0y\u00a0<span style=\"text-decoration: underline;\"><a href=\"http:\/\/inspire.jrc.ec.europa.eu\/index.cfm\/pageid\/5022\" target=\"_blank\" rel=\"noreferrer noopener\">Seguimiento e informes<\/a><\/span>.<\/p><p>Estas normas se consideran\u00a0<strong>Decisiones o\u00a0<\/strong><strong>Reglamentos\u00a0<\/strong>de la Comisi\u00f3n y, por tanto, son de obligado cumplimiento en cada uno de los pa\u00edses de la Uni\u00f3n. La implementaci\u00f3n t\u00e9cnica de estas normas se realiza mediante las\u00a0<strong>Directrices T\u00e9cnicas<\/strong>\u00a0(<span style=\"text-decoration: underline;\"><em><a href=\"http:\/\/inspire.ec.europa.eu\/inspire-technical-guidance\/57753\" target=\"_blank\" rel=\"noreferrer noopener\">Technical Guidelines<\/a><\/em><\/span>), documentos t\u00e9cnicos basados en est\u00e1ndares y normas Internacionales.<\/p><\/div>                    <\/div>\n\t\t        \n                    <div id=\"idee-tab\" class=\"clearfix eael-tab-content-item inactive\" data-title-link=\"idee-tab\">\n\t\t\t\t        <div style=\"text-align: justify !important;\"><p>El Estado espa\u00f1ol, como Estado miembro de la UE, ha realizado<img decoding=\"async\" class=\"alignright\" src=\"https:\/\/ideihm.covam.es\/portal\/wp-content\/uploads\/logoidee.png\" alt=\"\" width=\"199\" height=\"91\" \/>a transposici\u00f3n de la DIRECTIVA INSPIRE al ordenamiento jur\u00eddico espa\u00f1ol a trav\u00e9s de la\u00a0<span style=\"text-decoration: underline;\"><em><a href=\"http:\/\/ideihm.covam.es\/Legislacion\/Ley14-2010LISIGE.pdf\" target=\"_blank\" rel=\"noopener\">Ley 14\/2010, de 5 de julio, sobre las infraestructuras y los servicios de informaci\u00f3n geogr\u00e1fica en Espa\u00f1a\u00a0<\/a><\/em><a href=\"http:\/\/ideihm.covam.es\/Legislacion\/Ley14-2010LISIGE.pdf\"><strong>(LISIGE)<\/strong><\/a><\/span>. El\u00a0<span style=\"text-decoration: underline;\"><strong><a title=\"Acceso al apartado del Consejo Superior Geogr\u00e1fico\" href=\"http:\/\/www.idee.es\/resources\/documentos\/ConsejoSuperiorGeografico.pdf\" target=\"_blank\" rel=\"noopener\">Consejo Superior Geogr\u00e1fico<\/a><\/strong><\/span>\u00a0ejerce como punto de contacto con la Comisi\u00f3n Europea para el desarrollo de la DIRECTIVA INSPIRE en Espa\u00f1a.<\/p><p>El t\u00e9rmino\u00a0<span style=\"text-decoration: underline;\"><strong><a href=\"https:\/\/idee.es\/web\/idee\/idee\" target=\"_blank\" rel=\"noopener\">Infraestructura de Datos Espaciales de Espa\u00f1a (IDEE)<\/a><\/strong><\/span>\u00a0aparece en esta Ley como sin\u00f3nimo del t\u00e9rmino\u00a0<strong><em>Infraestructura de Informaci\u00f3n Geogr\u00e1fica de Espa\u00f1a<\/em><\/strong>\u00a0que da t\u00edtulo y acr\u00f3nimo a la Ley 14\/2010, siendo el m\u00e1s utilizado el primero de ellos. La\u00a0<strong>IDEE<\/strong>\u00a0tiene como objetivo integrar a trav\u00e9s de Internet los datos, metadatos, servicios e informaci\u00f3n de tipo geogr\u00e1fico que se producen en Espa\u00f1a, a nivel estatal, auton\u00f3mico y local, y en segundo lugar, integrar todo tipo de infraestructuras sectoriales y privadas, cumpliendo, todos ellos, una serie de condiciones de interoperabilidad (normas, protocolos, especificaciones) y conforme a sus respectivos marcos legales. De acuerdo a la DIRECTIVA INSPIRE, la IDEE est\u00e1 basada sobre dos pilares:<\/p><ul><li><strong>Infraestructura<\/strong>, constituida por una estructura virtual en red integrada por datos geo-referenciados.<\/li><li><strong>Servicios interoperables<\/strong>, que permiten la\u00a0<em>localizaci\u00f3n<\/em>,\u00a0<em>visualizaci\u00f3n<\/em>,\u00a0<em>descarga<\/em>,\u00a0<em>transformaci\u00f3n<\/em>\u00a0y\u00a0<em>acceso\u00a0<\/em>de toda aquella informaci\u00f3n geogr\u00e1fica distribuida en diferentes sistemas de informaci\u00f3n, accesibles v\u00eda internet con un m\u00ednimo de<br \/>protocolos y especificaciones normalizadas.<\/li><\/ul><p>El \u00e1mbito de cobertura de la IDEE comprende el territorio nacional, el mar territorial, la zona contigua, la plataforma continental y la zona econ\u00f3mica exclusiva.<\/p><p>La puesta en pr\u00e1ctica del proyecto IDEE se materializa a trav\u00e9s de un\u00a0<span style=\"text-decoration: underline;\"><a href=\"http:\/\/www.idee.es\/\" target=\"_blank\" rel=\"noopener\">Geoportal<\/a><\/span>\u00a0que reune las IDE espa\u00f1olas, de forma que cada una de ellas ofrezca, como m\u00ednimo, los siguientes tres clientes: visualizaci\u00f3n (que permita la visualizaci\u00f3n de los datos a trav\u00e9s de servicios web y, opcionalmente, su consulta), localizaci\u00f3n (que posibilite la b\u00fasqueda de conjuntos de datos y servicios a trav\u00e9s del contenido de sus metadatos) y nomencl\u00e1tor (que permita la localizaci\u00f3n en un mapa a trav\u00e9s de un nombre geogr\u00e1fico).<\/p><p>Tanto en Europa como en Espa\u00f1a la\u00a0<strong>normalizaci\u00f3n<\/strong>\u00a0de la informaci\u00f3n geogr\u00e1fica digital de las IDE se realiza mediante los organismos de normalizaci\u00f3n internacional:\u00a0<span style=\"text-decoration: underline;\"><a href=\"http:\/\/www.iso.org\/iso\/home.html\" target=\"_blank\" rel=\"noopener\">Internacional Organization for Standardization (ISO)<\/a><\/span>; y europeo:\u00a0<span style=\"text-decoration: underline;\"><a href=\"https:\/\/www.cencenelec.eu\/\" target=\"_blank\" rel=\"noopener\">European Comit\u00e9 for Standardization, (CEN)<\/a><\/span>.<br \/>Igualmente, en Europa y Espa\u00f1a, para facilitar el acceso, manipulaci\u00f3n e intercambio de informaci\u00f3n geogr\u00e1fica en la web, se siguen las\u00a0<strong>especificaciones<\/strong>\u00a0de interoperabilidad del\u00a0<span style=\"text-decoration: underline;\"><a href=\"http:\/\/www.opengeospatial.org\/ogc\" target=\"_blank\" rel=\"noopener\">Open Geospatial Consortium, Inc, (OGC)<\/a><\/span>.<\/p><\/div>                    <\/div>\n\t\t        \n                    <div id=\"msdi-tab\" class=\"clearfix eael-tab-content-item inactive\" data-title-link=\"msdi-tab\">\n\t\t\t\t        <div style=\"text-align: justify !important;\"><h3>MSDI, la IDE de la Organizaci\u00f3n Hidrogr\u00e1fica Internacional (OHI)<\/h3><h1><img decoding=\"async\" class=\"wp-image-881 alignleft\" src=\"https:\/\/ideihm.covam.es\/portal\/wp-content\/uploads\/OHI_AnchorTile-300x300.jpg\" alt=\"\" width=\"181\" height=\"181\" srcset=\"https:\/\/ideihm.covam.es\/portal\/wp-content\/uploads\/OHI_AnchorTile-300x300.jpg 300w, https:\/\/ideihm.covam.es\/portal\/wp-content\/uploads\/OHI_AnchorTile-150x150.jpg 150w, https:\/\/ideihm.covam.es\/portal\/wp-content\/uploads\/OHI_AnchorTile.jpg 325w\" sizes=\"(max-width: 181px) 100vw, 181px\" \/><\/h1><p>El IHM, como representante del Estado espa\u00f1ol en la Organizaci\u00f3n Hidrogr\u00e1fica Internacional (OHI), toma parte activa en todos sus grupos de trabajo t\u00e9cnico. Uno de ellos, es el\u00a0<span style=\"text-decoration: underline;\"><a href=\"http:\/\/www.iho.int\/en\/msdiwg\" target=\"_blank\" rel=\"noopener\">Maritime Spatial Data Infraestructutre Working Group (MSDIWG)<\/a><\/span>, que se encarga del seguimiento de todas las actividades, nacionales e internacionales, que tengan que ver con las IDE en el \u00e1mbito mar\u00edtimo. Este grupo de trabajo establece las necesarias relaciones con otros grupos t\u00e9cnicos relevantes con la idea de incrementar la accesibilidad a los datos espaciales mar\u00edtimos. Caben destacar dos de estos grupos: el\u00a0<span style=\"text-decoration: underline;\"><a href=\"http:\/\/ioc.unesco.org\/index.php\/our-work\/marine-spatial-planning\" target=\"_blank\" rel=\"noopener\">IOC-Marine Spatial Management<\/a><\/span>\u00a0y el World Data Centres for Oceanography, Bathymetry and Marine Geophysics.<\/p><p>Entre los cometidos m\u00e1s importantes del MSDIWG est\u00e1n la identificaci\u00f3n de todas aquellas acciones y procedimientos que la OHI debiera llevar a cabo para contribuir y apoyar el desarrollo de las Spatial Data Infraestructures (SDI) y determinar cualquier tarea que, tanto la OHI como cualquiera de sus Estados miembros, puedan acometer para establecer lazos con otros organismos de normalizaci\u00f3n, como OGC e ISO TC211, asegurando que cada uno de esos Estados miembros sean capaces de afrontar los desaf\u00edos que puedan encontrar con el empleo de los datos.<\/p><\/div>                    <\/div>\n\t\t                    <\/div>\n        <\/div>\n\t\t\t\t<\/div>\n\t\t\t\t<\/div>\n\t\t\t\t\t<\/div>\n\t\t<\/div>\n\t\t\t\t\t<\/div>\n\t\t<\/section>\n\t\t\t\t<\/div>\n\t\t","protected":false},"excerpt":{"rendered":"<p>Inspire-IDE INSPIRE IDEE MSDI En el a\u00f1o 2007, el Parlamento Europeo y el Consejo de la UE, adoptaron la\u00a0DIRECTIVA 2007\/2\/CE de Infraestructura de informaci\u00f3n espacial en la Comunidad Europea (INfrastructures for SPatial InfoRmation in the European Union, INSPIRE). El objetivo de esta DIRECTIVA es fijar normas generales para establecer una infraestructura de informaci\u00f3n espacial orientada [&hellip;]<\/p>\n","protected":false},"author":2,"featured_media":0,"parent":0,"menu_order":0,"comment_status":"closed","ping_status":"closed","template":"elementor_header_footer","meta":{"footnotes":""},"class_list":["post-78","page","type-page","status-publish","hentry"],"yoast_head":"<!-- This site is optimized with the Yoast SEO plugin v26.2 - https:\/\/yoast.com\/wordpress\/plugins\/seo\/ -->\r\n<title>Inspire IDE - IdeIHM<\/title>\r\n<meta name=\"description\" content=\"Conoce INSPIRE e Inspire-IDE: la Directiva 2007\/2\/CE, sus principios de interoperabilidad y acceso p\u00fablico, y las normas de ejecuci\u00f3n (metadatos, datos y servicios) para las IDE europeas.\" \/>\r\n<meta name=\"robots\" content=\"index, follow, max-snippet:-1, max-image-preview:large, max-video-preview:-1\" \/>\r\n<link rel=\"canonical\" href=\"https:\/\/ideihm.covam.es\/portal\/inspire-ide\/\" \/>\r\n<meta property=\"og:locale\" content=\"es_ES\" \/>\r\n<meta property=\"og:type\" content=\"article\" \/>\r\n<meta property=\"og:title\" content=\"Inspire IDE - IdeIHM\" \/>\r\n<meta property=\"og:description\" content=\"Conoce INSPIRE e Inspire-IDE: la Directiva 2007\/2\/CE, sus principios de interoperabilidad y acceso p\u00fablico, y las normas de ejecuci\u00f3n (metadatos, datos y servicios) para las IDE europeas.\" \/>\r\n<meta property=\"og:url\" content=\"https:\/\/ideihm.covam.es\/portal\/inspire-ide\/\" \/>\r\n<meta property=\"og:site_name\" content=\"IdeIHM\" \/>\r\n<meta property=\"article:modified_time\" content=\"2026-02-27T08:07:10+00:00\" \/>\r\n<meta property=\"og:image\" content=\"https:\/\/ideihm.covam.es\/portal\/wp-content\/uploads\/inspire.png\" \/>\r\n<meta name=\"twitter:card\" content=\"summary_large_image\" \/>\r\n<meta name=\"twitter:label1\" content=\"Tiempo de lectura\" \/>\n\t<meta name=\"twitter:data1\" content=\"6 minutos\" \/>\r\n<script type=\"application\/ld+json\" class=\"yoast-schema-graph\">{\"@context\":\"https:\/\/schema.org\",\"@graph\":[{\"@type\":\"WebPage\",\"@id\":\"https:\/\/ideihm.covam.es\/portal\/inspire-ide\/\",\"url\":\"https:\/\/ideihm.covam.es\/portal\/inspire-ide\/\",\"name\":\"Inspire IDE - IdeIHM\",\"isPartOf\":{\"@id\":\"https:\/\/ideihm.covam.es\/portal\/#website\"},\"primaryImageOfPage\":{\"@id\":\"https:\/\/ideihm.covam.es\/portal\/inspire-ide\/#primaryimage\"},\"image\":{\"@id\":\"https:\/\/ideihm.covam.es\/portal\/inspire-ide\/#primaryimage\"},\"thumbnailUrl\":\"https:\/\/ideihm.covam.es\/portal\/wp-content\/uploads\/inspire.png\",\"datePublished\":\"2022-01-14T10:41:47+00:00\",\"dateModified\":\"2026-02-27T08:07:10+00:00\",\"description\":\"Conoce INSPIRE e Inspire-IDE: la Directiva 2007\/2\/CE, sus principios de interoperabilidad y acceso p\u00fablico, y las normas de ejecuci\u00f3n (metadatos, datos y servicios) para las IDE europeas.\",\"breadcrumb\":{\"@id\":\"https:\/\/ideihm.covam.es\/portal\/inspire-ide\/#breadcrumb\"},\"inLanguage\":\"es\",\"potentialAction\":[{\"@type\":\"ReadAction\",\"target\":[\"https:\/\/ideihm.covam.es\/portal\/inspire-ide\/\"]}]},{\"@type\":\"ImageObject\",\"inLanguage\":\"es\",\"@id\":\"https:\/\/ideihm.covam.es\/portal\/inspire-ide\/#primaryimage\",\"url\":\"https:\/\/ideihm.covam.es\/portal\/wp-content\/uploads\/inspire.png\",\"contentUrl\":\"https:\/\/ideihm.covam.es\/portal\/wp-content\/uploads\/inspire.png\",\"width\":200,\"height\":198},{\"@type\":\"BreadcrumbList\",\"@id\":\"https:\/\/ideihm.covam.es\/portal\/inspire-ide\/#breadcrumb\",\"itemListElement\":[{\"@type\":\"ListItem\",\"position\":1,\"name\":\"Portada\",\"item\":\"https:\/\/ideihm.covam.es\/portal\/\"},{\"@type\":\"ListItem\",\"position\":2,\"name\":\"Inspire IDE\"}]},{\"@type\":\"WebSite\",\"@id\":\"https:\/\/ideihm.covam.es\/portal\/#website\",\"url\":\"https:\/\/ideihm.covam.es\/portal\/\",\"name\":\"IdeIHM\",\"description\":\"Geoportal de la Infraestructura de datos espaciales del Instituto Hidrogr\u00e1fico de la Marina\",\"publisher\":{\"@id\":\"https:\/\/ideihm.covam.es\/portal\/#organization\"},\"potentialAction\":[{\"@type\":\"SearchAction\",\"target\":{\"@type\":\"EntryPoint\",\"urlTemplate\":\"https:\/\/ideihm.covam.es\/portal\/?s={search_term_string}\"},\"query-input\":{\"@type\":\"PropertyValueSpecification\",\"valueRequired\":true,\"valueName\":\"search_term_string\"}}],\"inLanguage\":\"es\"},{\"@type\":\"Organization\",\"@id\":\"https:\/\/ideihm.covam.es\/portal\/#organization\",\"name\":\"IdeIHM\",\"url\":\"https:\/\/ideihm.covam.es\/portal\/\",\"logo\":{\"@type\":\"ImageObject\",\"inLanguage\":\"es\",\"@id\":\"https:\/\/ideihm.covam.es\/portal\/#\/schema\/logo\/image\/\",\"url\":\"https:\/\/ideihm.covam.es\/portal\/wp-content\/uploads\/logo-ide-ihm.png\",\"contentUrl\":\"https:\/\/ideihm.covam.es\/portal\/wp-content\/uploads\/logo-ide-ihm.png\",\"width\":153,\"height\":153,\"caption\":\"IdeIHM\"},\"image\":{\"@id\":\"https:\/\/ideihm.covam.es\/portal\/#\/schema\/logo\/image\/\"}}]}<\/script>\r\n<!-- \/ Yoast SEO plugin. -->","yoast_head_json":{"title":"Inspire IDE - IdeIHM","description":"Conoce INSPIRE e Inspire-IDE: la Directiva 2007\/2\/CE, sus principios de interoperabilidad y acceso p\u00fablico, y las normas de ejecuci\u00f3n (metadatos, datos y servicios) para las IDE europeas.","robots":{"index":"index","follow":"follow","max-snippet":"max-snippet:-1","max-image-preview":"max-image-preview:large","max-video-preview":"max-video-preview:-1"},"canonical":"https:\/\/ideihm.covam.es\/portal\/inspire-ide\/","og_locale":"es_ES","og_type":"article","og_title":"Inspire IDE - IdeIHM","og_description":"Conoce INSPIRE e Inspire-IDE: la Directiva 2007\/2\/CE, sus principios de interoperabilidad y acceso p\u00fablico, y las normas de ejecuci\u00f3n (metadatos, datos y servicios) para las IDE europeas.","og_url":"https:\/\/ideihm.covam.es\/portal\/inspire-ide\/","og_site_name":"IdeIHM","article_modified_time":"2026-02-27T08:07:10+00:00","og_image":[{"url":"https:\/\/ideihm.covam.es\/portal\/wp-content\/uploads\/inspire.png","type":"","width":"","height":""}],"twitter_card":"summary_large_image","twitter_misc":{"Tiempo de lectura":"6 minutos"},"schema":{"@context":"https:\/\/schema.org","@graph":[{"@type":"WebPage","@id":"https:\/\/ideihm.covam.es\/portal\/inspire-ide\/","url":"https:\/\/ideihm.covam.es\/portal\/inspire-ide\/","name":"Inspire IDE - IdeIHM","isPartOf":{"@id":"https:\/\/ideihm.covam.es\/portal\/#website"},"primaryImageOfPage":{"@id":"https:\/\/ideihm.covam.es\/portal\/inspire-ide\/#primaryimage"},"image":{"@id":"https:\/\/ideihm.covam.es\/portal\/inspire-ide\/#primaryimage"},"thumbnailUrl":"https:\/\/ideihm.covam.es\/portal\/wp-content\/uploads\/inspire.png","datePublished":"2022-01-14T10:41:47+00:00","dateModified":"2026-02-27T08:07:10+00:00","description":"Conoce INSPIRE e Inspire-IDE: la Directiva 2007\/2\/CE, sus principios de interoperabilidad y acceso p\u00fablico, y las normas de ejecuci\u00f3n (metadatos, datos y servicios) para las IDE europeas.","breadcrumb":{"@id":"https:\/\/ideihm.covam.es\/portal\/inspire-ide\/#breadcrumb"},"inLanguage":"es","potentialAction":[{"@type":"ReadAction","target":["https:\/\/ideihm.covam.es\/portal\/inspire-ide\/"]}]},{"@type":"ImageObject","inLanguage":"es","@id":"https:\/\/ideihm.covam.es\/portal\/inspire-ide\/#primaryimage","url":"https:\/\/ideihm.covam.es\/portal\/wp-content\/uploads\/inspire.png","contentUrl":"https:\/\/ideihm.covam.es\/portal\/wp-content\/uploads\/inspire.png","width":200,"height":198},{"@type":"BreadcrumbList","@id":"https:\/\/ideihm.covam.es\/portal\/inspire-ide\/#breadcrumb","itemListElement":[{"@type":"ListItem","position":1,"name":"Portada","item":"https:\/\/ideihm.covam.es\/portal\/"},{"@type":"ListItem","position":2,"name":"Inspire IDE"}]},{"@type":"WebSite","@id":"https:\/\/ideihm.covam.es\/portal\/#website","url":"https:\/\/ideihm.covam.es\/portal\/","name":"IdeIHM","description":"Geoportal de la Infraestructura de datos espaciales del Instituto Hidrogr\u00e1fico de la Marina","publisher":{"@id":"https:\/\/ideihm.covam.es\/portal\/#organization"},"potentialAction":[{"@type":"SearchAction","target":{"@type":"EntryPoint","urlTemplate":"https:\/\/ideihm.covam.es\/portal\/?s={search_term_string}"},"query-input":{"@type":"PropertyValueSpecification","valueRequired":true,"valueName":"search_term_string"}}],"inLanguage":"es"},{"@type":"Organization","@id":"https:\/\/ideihm.covam.es\/portal\/#organization","name":"IdeIHM","url":"https:\/\/ideihm.covam.es\/portal\/","logo":{"@type":"ImageObject","inLanguage":"es","@id":"https:\/\/ideihm.covam.es\/portal\/#\/schema\/logo\/image\/","url":"https:\/\/ideihm.covam.es\/portal\/wp-content\/uploads\/logo-ide-ihm.png","contentUrl":"https:\/\/ideihm.covam.es\/portal\/wp-content\/uploads\/logo-ide-ihm.png","width":153,"height":153,"caption":"IdeIHM"},"image":{"@id":"https:\/\/ideihm.covam.es\/portal\/#\/schema\/logo\/image\/"}}]}},"_links":{"self":[{"href":"https:\/\/ideihm.covam.es\/portal\/wp-json\/wp\/v2\/pages\/78","targetHints":{"allow":["GET"]}}],"collection":[{"href":"https:\/\/ideihm.covam.es\/portal\/wp-json\/wp\/v2\/pages"}],"about":[{"href":"https:\/\/ideihm.covam.es\/portal\/wp-json\/wp\/v2\/types\/page"}],"author":[{"embeddable":true,"href":"https:\/\/ideihm.covam.es\/portal\/wp-json\/wp\/v2\/users\/2"}],"replies":[{"embeddable":true,"href":"https:\/\/ideihm.covam.es\/portal\/wp-json\/wp\/v2\/comments?post=78"}],"version-history":[{"count":1,"href":"https:\/\/ideihm.covam.es\/portal\/wp-json\/wp\/v2\/pages\/78\/revisions"}],"predecessor-version":[{"id":1930,"href":"https:\/\/ideihm.covam.es\/portal\/wp-json\/wp\/v2\/pages\/78\/revisions\/1930"}],"wp:attachment":[{"href":"https:\/\/ideihm.covam.es\/portal\/wp-json\/wp\/v2\/media?parent=78"}],"curies":[{"name":"wp","href":"https:\/\/api.w.org\/{rel}","templated":true}]}}