{"id":93,"date":"2022-01-18T09:20:51","date_gmt":"2022-01-18T08:20:51","guid":{"rendered":"https:\/\/ideihm.covam.es\/portal\/?page_id=93"},"modified":"2026-02-27T10:40:36","modified_gmt":"2026-02-27T08:40:36","slug":"licencias","status":"publish","type":"page","link":"https:\/\/ideihm.covam.es\/portal\/licencias\/","title":{"rendered":"Licencias"},"content":{"rendered":"\t\t<div data-elementor-type=\"wp-page\" data-elementor-id=\"93\" class=\"elementor elementor-93\">\n\t\t\t\t\t\t<section class=\"elementor-section elementor-top-section elementor-element elementor-element-2c60d49 elementor-section-boxed elementor-section-height-default elementor-section-height-default\" data-id=\"2c60d49\" data-element_type=\"section\" data-settings=\"{&quot;background_background&quot;:&quot;classic&quot;}\">\n\t\t\t\t\t\t\t<div class=\"elementor-background-overlay\"><\/div>\n\t\t\t\t\t\t\t<div class=\"elementor-container elementor-column-gap-default\">\n\t\t\t\t\t<div class=\"elementor-column elementor-col-100 elementor-top-column elementor-element elementor-element-2f2c76b\" data-id=\"2f2c76b\" data-element_type=\"column\">\n\t\t\t<div class=\"elementor-widget-wrap elementor-element-populated\">\n\t\t\t\t\t\t<div class=\"elementor-element elementor-element-07d6c0a elementor-widget elementor-widget-heading\" data-id=\"07d6c0a\" data-element_type=\"widget\" data-widget_type=\"heading.default\">\n\t\t\t\t<div class=\"elementor-widget-container\">\n\t\t\t\t\t<h1 class=\"elementor-heading-title elementor-size-default\">Licencias<\/h1>\t\t\t\t<\/div>\n\t\t\t\t<\/div>\n\t\t\t\t\t<\/div>\n\t\t<\/div>\n\t\t\t\t\t<\/div>\n\t\t<\/section>\n\t\t\t\t<section class=\"elementor-section elementor-top-section elementor-element elementor-element-d22da9b elementor-section-boxed elementor-section-height-default elementor-section-height-default\" data-id=\"d22da9b\" data-element_type=\"section\">\n\t\t\t\t\t\t<div class=\"elementor-container elementor-column-gap-default\">\n\t\t\t\t\t<div class=\"elementor-column elementor-col-100 elementor-top-column elementor-element elementor-element-c4bbfe8\" data-id=\"c4bbfe8\" data-element_type=\"column\">\n\t\t\t<div class=\"elementor-widget-wrap elementor-element-populated\">\n\t\t\t\t\t\t<div class=\"elementor-element elementor-element-d689cb4 elementor-widget elementor-widget-text-editor\" data-id=\"d689cb4\" data-element_type=\"widget\" data-widget_type=\"text-editor.default\">\n\t\t\t\t<div class=\"elementor-widget-container\">\n\t\t\t\t\t\t\t\t\t<p><strong>Licencias de Uso<br \/><\/strong><\/p><p>Todos los servicios de informaci\u00f3n geogr\u00e1fica o <span class=\"Estilo1\">geoservicios<\/span> proporcionados por el visor de este GeoPortal IDE-IHM, as\u00edcomo los datos presentados en pantalla por el mismo visor, tendr\u00e1n consideraci\u00f3n de documentos reutilizables de acuerdo a la <span style=\"text-decoration: underline;\"><a href=\"http:\/\/ideihm.covam.es\/Legislacion\/Ley%2037_2007.pdf\" target=\"_blank\" rel=\"noopener\">LEY 37\/2007<\/a><\/span>, de 16 de noviembre, sobre Reutilizaci\u00f3nde la informaci\u00f3n del sector p\u00fablico y al <a href=\"http:\/\/ideihm.covam.es\/Legislacion\/RD%201495-2011REUTILIZACIONINFORMACIONSECTORPUBLICO.pdf\" target=\"_blank\" rel=\"noopener\"><span style=\"text-decoration: underline;\">REAL DECRETO 1495\/2011<\/span><\/a>, de 24 de octubre, por el que se desarrolla. En concreto, estos documentos reutilizables quedan sometidos al regimen establecido en el p\u00e1rrafo b) del apartado 2 del art\u00edculo 4 de la Ley 37\/2007, de 16 de noviembre, que contempla la modalidad de reutilizaci\u00f3n con sujeci\u00f3n a condiciones espec\u00edficas establecidas en <span class=\"Estilo1\">licencias-tipo<\/span> disponibles en formato digital y <span class=\"Estilo1\">procesables electr\u00f3nicamente<\/span>.<\/p><p>A los efectos aqu\u00ed expuestos, y de acuerdo a la legislaci\u00f3n vigente, se definen los siguientes t\u00e9rminos: <a id=\"def\" href=\"http:\/\/ideihm.covam.es\/definiciones.html\"><span style=\"text-decoration: underline;\">definiciones<\/span><\/a>.<\/p><p>De acuerdo a lo anterior, se establece una unica modalidad para la reutilizaci\u00f3n de los documentos de este GeoPortal:<\/p><p class=\"Estilo1\"><strong>Reutilizaci\u00f3n con licencia para uso no comercial<\/strong><\/p><p>Se pone a disposici\u00f3n p\u00fablica este tipo de licencia para uso no comercial de la reutilizaci\u00f3n. No se autoriza el uso comercial de ninguna informaci\u00f3n contenida en este GeoPortal ni de ninguno de sus servicios.<\/p><p>De acuerdo al Art\u00edculo 7 del R.D. 1495\/2011 se establecen las siguientes condiciones generales de puesta a disposici\u00f3n de los documentos reutilizables:<\/p><p style=\"padding-left: 40px;\">a) No desnaturalizar el sentido de la informaci\u00f3n.<br \/>b) Citar la fuente de los documentos objeto de la reutilizaci\u00f3n.<br \/>c) Mencionar la fecha de la \u00faltima actualizaci\u00f3n de los documentos objeto de la reutilizaci\u00f3n, siempre cuando estuviera incluida en el documento original.<br \/>d) No se podr\u00e1 indicar, insinuar o sugerir que los \u00f3rganos administrativos, organismos o entidades del sector p\u00fablico estatal titulares de la informaci\u00f3n reutilizada participan, patrocinan o apoyan la reutilizaci\u00f3n que se lleve a cabo con ella.<br \/>e) Conservar y no alterar ni suprimir los metadatos sobre la fecha de actualizaci\u00f3n y las condiciones de reutilizaci\u00f3n aplicables incluidos, en su caso, en el documento puesto a disposici\u00f3n para su reutilizaci\u00f3n por la Administraci\u00f3n u organismo del sector p\u00fablico.<\/p><p>Proceso electr\u00f3nico de licencias<\/p>\t\t\t\t\t\t\t\t<\/div>\n\t\t\t\t<\/div>\n\t\t\t\t\t<\/div>\n\t\t<\/div>\n\t\t\t\t\t<\/div>\n\t\t<\/section>\n\t\t\t\t<\/div>\n\t\t","protected":false},"excerpt":{"rendered":"<p>Licencias Licencias de Uso Todos los servicios de informaci\u00f3n geogr\u00e1fica o geoservicios proporcionados por el visor de este GeoPortal IDE-IHM, as\u00edcomo los datos presentados en pantalla por el mismo visor, tendr\u00e1n consideraci\u00f3n de documentos reutilizables de acuerdo a la LEY 37\/2007, de 16 de noviembre, sobre Reutilizaci\u00f3nde la informaci\u00f3n del sector p\u00fablico y al REAL [&hellip;]<\/p>\n","protected":false},"author":2,"featured_media":0,"parent":0,"menu_order":0,"comment_status":"closed","ping_status":"closed","template":"elementor_header_footer","meta":{"footnotes":""},"class_list":["post-93","page","type-page","status-publish","hentry"],"yoast_head":"<!-- This site is optimized with the Yoast SEO plugin v26.2 - https:\/\/yoast.com\/wordpress\/plugins\/seo\/ -->\r\n<title>Licencias - IdeIHM<\/title>\r\n<meta name=\"description\" content=\"Consulta las licencias de uso del geoportal IDE-IHM: condiciones de reutilizaci\u00f3n de datos y contenidos, atribuci\u00f3n obligatoria, limitaciones de responsabilidad y enlaces a la normativa\/licencias aplicables.\" \/>\r\n<meta name=\"robots\" content=\"index, follow, max-snippet:-1, max-image-preview:large, max-video-preview:-1\" \/>\r\n<link rel=\"canonical\" href=\"https:\/\/ideihm.covam.es\/portal\/licencias\/\" \/>\r\n<meta property=\"og:locale\" content=\"es_ES\" \/>\r\n<meta property=\"og:type\" content=\"article\" \/>\r\n<meta property=\"og:title\" content=\"Licencias - IdeIHM\" \/>\r\n<meta property=\"og:description\" content=\"Consulta las licencias de uso del geoportal IDE-IHM: condiciones de reutilizaci\u00f3n de datos y contenidos, atribuci\u00f3n obligatoria, limitaciones de responsabilidad y enlaces a la normativa\/licencias aplicables.\" \/>\r\n<meta property=\"og:url\" content=\"https:\/\/ideihm.covam.es\/portal\/licencias\/\" \/>\r\n<meta property=\"og:site_name\" content=\"IdeIHM\" \/>\r\n<meta property=\"article:modified_time\" content=\"2026-02-27T08:40:36+00:00\" \/>\r\n<meta name=\"twitter:card\" content=\"summary_large_image\" \/>\r\n<meta name=\"twitter:label1\" content=\"Tiempo de lectura\" \/>\n\t<meta name=\"twitter:data1\" content=\"2 minutos\" \/>\r\n<script type=\"application\/ld+json\" class=\"yoast-schema-graph\">{\"@context\":\"https:\/\/schema.org\",\"@graph\":[{\"@type\":\"WebPage\",\"@id\":\"https:\/\/ideihm.covam.es\/portal\/licencias\/\",\"url\":\"https:\/\/ideihm.covam.es\/portal\/licencias\/\",\"name\":\"Licencias - IdeIHM\",\"isPartOf\":{\"@id\":\"https:\/\/ideihm.covam.es\/portal\/#website\"},\"datePublished\":\"2022-01-18T08:20:51+00:00\",\"dateModified\":\"2026-02-27T08:40:36+00:00\",\"description\":\"Consulta las licencias de uso del geoportal IDE-IHM: condiciones de reutilizaci\u00f3n de datos y contenidos, atribuci\u00f3n obligatoria, limitaciones de responsabilidad y enlaces a la normativa\/licencias aplicables.\",\"breadcrumb\":{\"@id\":\"https:\/\/ideihm.covam.es\/portal\/licencias\/#breadcrumb\"},\"inLanguage\":\"es\",\"potentialAction\":[{\"@type\":\"ReadAction\",\"target\":[\"https:\/\/ideihm.covam.es\/portal\/licencias\/\"]}]},{\"@type\":\"BreadcrumbList\",\"@id\":\"https:\/\/ideihm.covam.es\/portal\/licencias\/#breadcrumb\",\"itemListElement\":[{\"@type\":\"ListItem\",\"position\":1,\"name\":\"Portada\",\"item\":\"https:\/\/ideihm.covam.es\/portal\/\"},{\"@type\":\"ListItem\",\"position\":2,\"name\":\"Licencias\"}]},{\"@type\":\"WebSite\",\"@id\":\"https:\/\/ideihm.covam.es\/portal\/#website\",\"url\":\"https:\/\/ideihm.covam.es\/portal\/\",\"name\":\"IdeIHM\",\"description\":\"Geoportal de la Infraestructura de datos espaciales del Instituto Hidrogr\u00e1fico de la Marina\",\"publisher\":{\"@id\":\"https:\/\/ideihm.covam.es\/portal\/#organization\"},\"potentialAction\":[{\"@type\":\"SearchAction\",\"target\":{\"@type\":\"EntryPoint\",\"urlTemplate\":\"https:\/\/ideihm.covam.es\/portal\/?s={search_term_string}\"},\"query-input\":{\"@type\":\"PropertyValueSpecification\",\"valueRequired\":true,\"valueName\":\"search_term_string\"}}],\"inLanguage\":\"es\"},{\"@type\":\"Organization\",\"@id\":\"https:\/\/ideihm.covam.es\/portal\/#organization\",\"name\":\"IdeIHM\",\"url\":\"https:\/\/ideihm.covam.es\/portal\/\",\"logo\":{\"@type\":\"ImageObject\",\"inLanguage\":\"es\",\"@id\":\"https:\/\/ideihm.covam.es\/portal\/#\/schema\/logo\/image\/\",\"url\":\"https:\/\/ideihm.covam.es\/portal\/wp-content\/uploads\/logo-ide-ihm.png\",\"contentUrl\":\"https:\/\/ideihm.covam.es\/portal\/wp-content\/uploads\/logo-ide-ihm.png\",\"width\":153,\"height\":153,\"caption\":\"IdeIHM\"},\"image\":{\"@id\":\"https:\/\/ideihm.covam.es\/portal\/#\/schema\/logo\/image\/\"}}]}<\/script>\r\n<!-- \/ Yoast SEO plugin. -->","yoast_head_json":{"title":"Licencias - IdeIHM","description":"Consulta las licencias de uso del geoportal IDE-IHM: condiciones de reutilizaci\u00f3n de datos y contenidos, atribuci\u00f3n obligatoria, limitaciones de responsabilidad y enlaces a la normativa\/licencias aplicables.","robots":{"index":"index","follow":"follow","max-snippet":"max-snippet:-1","max-image-preview":"max-image-preview:large","max-video-preview":"max-video-preview:-1"},"canonical":"https:\/\/ideihm.covam.es\/portal\/licencias\/","og_locale":"es_ES","og_type":"article","og_title":"Licencias - IdeIHM","og_description":"Consulta las licencias de uso del geoportal IDE-IHM: condiciones de reutilizaci\u00f3n de datos y contenidos, atribuci\u00f3n obligatoria, limitaciones de responsabilidad y enlaces a la normativa\/licencias aplicables.","og_url":"https:\/\/ideihm.covam.es\/portal\/licencias\/","og_site_name":"IdeIHM","article_modified_time":"2026-02-27T08:40:36+00:00","twitter_card":"summary_large_image","twitter_misc":{"Tiempo de lectura":"2 minutos"},"schema":{"@context":"https:\/\/schema.org","@graph":[{"@type":"WebPage","@id":"https:\/\/ideihm.covam.es\/portal\/licencias\/","url":"https:\/\/ideihm.covam.es\/portal\/licencias\/","name":"Licencias - IdeIHM","isPartOf":{"@id":"https:\/\/ideihm.covam.es\/portal\/#website"},"datePublished":"2022-01-18T08:20:51+00:00","dateModified":"2026-02-27T08:40:36+00:00","description":"Consulta las licencias de uso del geoportal IDE-IHM: condiciones de reutilizaci\u00f3n de datos y contenidos, atribuci\u00f3n obligatoria, limitaciones de responsabilidad y enlaces a la normativa\/licencias aplicables.","breadcrumb":{"@id":"https:\/\/ideihm.covam.es\/portal\/licencias\/#breadcrumb"},"inLanguage":"es","potentialAction":[{"@type":"ReadAction","target":["https:\/\/ideihm.covam.es\/portal\/licencias\/"]}]},{"@type":"BreadcrumbList","@id":"https:\/\/ideihm.covam.es\/portal\/licencias\/#breadcrumb","itemListElement":[{"@type":"ListItem","position":1,"name":"Portada","item":"https:\/\/ideihm.covam.es\/portal\/"},{"@type":"ListItem","position":2,"name":"Licencias"}]},{"@type":"WebSite","@id":"https:\/\/ideihm.covam.es\/portal\/#website","url":"https:\/\/ideihm.covam.es\/portal\/","name":"IdeIHM","description":"Geoportal de la Infraestructura de datos espaciales del Instituto Hidrogr\u00e1fico de la Marina","publisher":{"@id":"https:\/\/ideihm.covam.es\/portal\/#organization"},"potentialAction":[{"@type":"SearchAction","target":{"@type":"EntryPoint","urlTemplate":"https:\/\/ideihm.covam.es\/portal\/?s={search_term_string}"},"query-input":{"@type":"PropertyValueSpecification","valueRequired":true,"valueName":"search_term_string"}}],"inLanguage":"es"},{"@type":"Organization","@id":"https:\/\/ideihm.covam.es\/portal\/#organization","name":"IdeIHM","url":"https:\/\/ideihm.covam.es\/portal\/","logo":{"@type":"ImageObject","inLanguage":"es","@id":"https:\/\/ideihm.covam.es\/portal\/#\/schema\/logo\/image\/","url":"https:\/\/ideihm.covam.es\/portal\/wp-content\/uploads\/logo-ide-ihm.png","contentUrl":"https:\/\/ideihm.covam.es\/portal\/wp-content\/uploads\/logo-ide-ihm.png","width":153,"height":153,"caption":"IdeIHM"},"image":{"@id":"https:\/\/ideihm.covam.es\/portal\/#\/schema\/logo\/image\/"}}]}},"_links":{"self":[{"href":"https:\/\/ideihm.covam.es\/portal\/wp-json\/wp\/v2\/pages\/93","targetHints":{"allow":["GET"]}}],"collection":[{"href":"https:\/\/ideihm.covam.es\/portal\/wp-json\/wp\/v2\/pages"}],"about":[{"href":"https:\/\/ideihm.covam.es\/portal\/wp-json\/wp\/v2\/types\/page"}],"author":[{"embeddable":true,"href":"https:\/\/ideihm.covam.es\/portal\/wp-json\/wp\/v2\/users\/2"}],"replies":[{"embeddable":true,"href":"https:\/\/ideihm.covam.es\/portal\/wp-json\/wp\/v2\/comments?post=93"}],"version-history":[{"count":1,"href":"https:\/\/ideihm.covam.es\/portal\/wp-json\/wp\/v2\/pages\/93\/revisions"}],"predecessor-version":[{"id":1932,"href":"https:\/\/ideihm.covam.es\/portal\/wp-json\/wp\/v2\/pages\/93\/revisions\/1932"}],"wp:attachment":[{"href":"https:\/\/ideihm.covam.es\/portal\/wp-json\/wp\/v2\/media?parent=93"}],"curies":[{"name":"wp","href":"https:\/\/api.w.org\/{rel}","templated":true}]}}