{"id":99,"date":"2022-01-18T09:22:58","date_gmt":"2022-01-18T08:22:58","guid":{"rendered":"https:\/\/ideihm.covam.es\/portal\/?page_id=99"},"modified":"2026-02-27T10:08:47","modified_gmt":"2026-02-27T08:08:47","slug":"legislacion","status":"publish","type":"page","link":"https:\/\/ideihm.covam.es\/portal\/legislacion\/","title":{"rendered":"Legislaci\u00f3n"},"content":{"rendered":"\t\t<div data-elementor-type=\"wp-page\" data-elementor-id=\"99\" class=\"elementor elementor-99\">\n\t\t\t\t\t\t<section class=\"elementor-section elementor-top-section elementor-element elementor-element-2c60d49 elementor-section-boxed elementor-section-height-default elementor-section-height-default\" data-id=\"2c60d49\" data-element_type=\"section\" data-settings=\"{&quot;background_background&quot;:&quot;classic&quot;}\">\n\t\t\t\t\t\t\t<div class=\"elementor-background-overlay\"><\/div>\n\t\t\t\t\t\t\t<div class=\"elementor-container elementor-column-gap-default\">\n\t\t\t\t\t<div class=\"elementor-column elementor-col-100 elementor-top-column elementor-element elementor-element-2f2c76b\" data-id=\"2f2c76b\" data-element_type=\"column\">\n\t\t\t<div class=\"elementor-widget-wrap elementor-element-populated\">\n\t\t\t\t\t\t<div class=\"elementor-element elementor-element-07d6c0a elementor-widget elementor-widget-heading\" data-id=\"07d6c0a\" data-element_type=\"widget\" data-widget_type=\"heading.default\">\n\t\t\t\t<div class=\"elementor-widget-container\">\n\t\t\t\t\t<h1 class=\"elementor-heading-title elementor-size-default\">Legislaci\u00f3n<\/h1>\t\t\t\t<\/div>\n\t\t\t\t<\/div>\n\t\t\t\t\t<\/div>\n\t\t<\/div>\n\t\t\t\t\t<\/div>\n\t\t<\/section>\n\t\t\t\t<section class=\"elementor-section elementor-top-section elementor-element elementor-element-4d64ea5 elementor-section-boxed elementor-section-height-default elementor-section-height-default\" data-id=\"4d64ea5\" data-element_type=\"section\">\n\t\t\t\t\t\t<div class=\"elementor-container elementor-column-gap-default\">\n\t\t\t\t\t<div class=\"elementor-column elementor-col-100 elementor-top-column elementor-element elementor-element-9d03b0f\" data-id=\"9d03b0f\" data-element_type=\"column\">\n\t\t\t<div class=\"elementor-widget-wrap elementor-element-populated\">\n\t\t\t\t\t\t<div class=\"elementor-element elementor-element-3147afc elementor-widget elementor-widget-text-editor\" data-id=\"3147afc\" data-element_type=\"widget\" data-widget_type=\"text-editor.default\">\n\t\t\t\t<div class=\"elementor-widget-container\">\n\t\t\t\t\t\t\t\t\t<p>A continuaci\u00f3n se relacionan los documentos que contienen <b>legislaci\u00f3n relacionada con los contenidos de este Geoportal<\/b>:<\/p>\n<ul id=\"bolas\">\n<li><a href=\"https:\/\/ideihm.covam.es\/Legislacion\/DIRECTIVAINSPIREESPANOL.pdf\" target=\"_blank\" rel=\"noopener\"><span style=\"text-decoration: underline;\">DIRECTIVA 2007\/2\/CE DEL PARLAMENTO EUROPEO Y DEL CONSEJO, de 14 de marzo de 2007, por la que se establece una infraestructura de informaci\u00f3n espacial en la Comunidad Europea (Inspire)<\/span><\/a><\/li>\n<li><a href=\"https:\/\/ideihm.covam.es\/Legislacion\/Ley14-2010LISIGE.pdf\" target=\"_blank\" rel=\"noopener\"><span style=\"text-decoration: underline;\">LEY 14\/2010 sobre las Infraestructuras y servicios de informaci\u00f3n geogr\u00e1fica en Espa\u00f1a (LISIGE)<\/span><\/a><\/li>\n<li><a href=\"https:\/\/ideihm.covam.es\/Legislacion\/Ley%2037_2007.pdf\" target=\"_blank\" rel=\"noopener\"><span style=\"text-decoration: underline;\">LEY 37\/2007, de 16 de noviembre, sobre Reutilizaci\u00f3n de la informaci\u00f3n del sector p\u00fablico.<\/span><\/a><\/li>\n<li><a href=\"https:\/\/ideihm.covam.es\/Legislacion\/Ley%2011_2007.pdf\" target=\"_blank\" rel=\"noopener\"><span style=\"text-decoration: underline;\">LEY 11\/2007, de 22 de junio, de Acceso electr\u00f3nico de los ciudadanos a los Servicios P\u00fablicos.<\/span><\/a><\/li>\n<li><a href=\"https:\/\/ideihm.covam.es\/Legislacion\/Ley7-1986OrdenacionCartografia.pdf\" target=\"_blank\" rel=\"noopener\"><span style=\"text-decoration: underline;\">LEY 7\/1986, de 24 de enero, de Ordenaci\u00f3n de la cartograf\u00eda<\/span><\/a><\/li>\n<li><a href=\"https:\/\/ideihm.covam.es\/Legislacion\/RD_Sistema_Cartografico.pdf\" target=\"_blank\" rel=\"noopener\"><span style=\"text-decoration: underline;\">REAL DECRETO 1545\/2007, de 23 de noviembre, por el que se regula el Sistema Cartogr\u00e1fico Nacional.<\/span><\/a><\/li>\n<li><a href=\"https:\/\/ideihm.covam.es\/Legislacion\/RD%201495-2011REUTILIZACIONINFORMACIONSECTORPUBLICO.pdf\" target=\"_blank\" rel=\"noopener\"><span style=\"text-decoration: underline;\">REAL DECRETO 1495\/2011, de 24 de octubre, por el que se desarrolla la Ley 37\/2007<\/span><\/a><\/li>\n<\/ul>\n<p><b>Legislaci\u00f3n acerca de l\u00edmites administrativos, publicados en B.O.E., en el \u00e1mbito marino<\/b>:<\/p>\n<ul id=\"bolas\">\n<li><a href=\"https:\/\/ideihm.covam.es\/Legislacion\/BOE_7_1977_Ley_10_1977_Mar_Territorial.pdf\" target=\"_blank\" rel=\"noopener\"><span style=\"text-decoration: underline;\">Ley 10\/1977, de 4 de enero, sobre mar territorial<\/span><\/a><\/li>\n<li><a href=\"https:\/\/ideihm.covam.es\/Legislacion\/RD_2510-1977-LBR.pdf\" target=\"_blank\" rel=\"noopener\"><span style=\"text-decoration: underline;\">REAL DECRETO 2510\/1977, de 5 de agosto, sobre trazado de l\u00edneas de base rectas<\/span><\/a><\/li>\n<li><span style=\"text-decoration: underline;\"><a href=\"https:\/\/ideihm.covam.es\/Legislacion\/BOE_43_1978_Ley_15_1978_zona_economica.pdf\" target=\"_blank\" rel=\"noopener\">Ley 15\/1978, de 20 de febrero, sobre zona econ\u00f3mica<\/a><\/span><\/li>\n<li><span style=\"text-decoration: underline;\"><a href=\"https:\/\/ideihm.covam.es\/Legislacion\/BOE_204_1997_RD_1315_1997_zona_proteccion_pesquera.pdf\" target=\"_blank\" rel=\"noopener\">REAL DECRETO 1315\/1997, de 1 de agosto, por el que se establece una zona de protecci\u00f3n pesquera en el mar Mediterr\u00e1neo<\/a><\/span><\/li>\n<li><a href=\"https:\/\/ideihm.covam.es\/Legislacion\/RD_236_2013_ZEEE_MEDITERRANEO.pdf\" target=\"_blank\" rel=\"noopener\"><span style=\"text-decoration: underline;\">REAL DECRETO 236\/2013, de 5 de abril, por el que se establece la Zona Econ\u00f3mica Exclusiva de Espa\u00f1a en el Mediterr\u00e1neo noroccidental.<\/span><\/a><\/li>\n<li><a href=\"https:\/\/ideihm.covam.es\/Legislacion\/Espa%C3%B1a_Francia_mar%20territorial_boe_159_75.pdf\" target=\"_blank\" rel=\"noopener\"><span style=\"text-decoration: underline;\">BOE 159\/1975, convenio entre Espa\u00f1a y Francia sobre delimitaci\u00f3n del Mar Territorial y Zona Contigua en el Golfo de Vizcaya<\/span><\/a><\/li>\n<li><a href=\"https:\/\/ideihm.covam.es\/Legislacion\/Espa%C3%B1a_Francia_plataforma%20continental_boe_163_75.pdf\" target=\"_blank\" rel=\"noopener\"><span style=\"text-decoration: underline;\">BOE 163\/1975, convenio entre Espa\u00f1a y Francia sobre delimitaci\u00f3n de la Plataforma Continental en el Golfo de Vizcaya<\/span><\/a><\/li>\n<li><a href=\"https:\/\/ideihm.covam.es\/Legislacion\/Espa%C3%B1a_Italia_plataforma_continental_boe_290_78.pdf\" target=\"_blank\" rel=\"noopener\"><span style=\"text-decoration: underline;\">BOE 290\/1978, convenio entre Espa\u00f1a e Italia sobre delimitaci\u00f3n de la Plataforma Continental en el Mediterr\u00e1neo<\/span><\/a><\/li>\n<\/ul>\n<p><b>Normas para la aceptaci\u00f3n de batimetr\u00edas externas obtenidas por organismos ajenos al Instituto Hidrogr\u00e1fico de la Marina (IHM):<\/b><\/p>\n<ul id=\"bolas\">\n<li><a href=\"https:\/\/ideihm.covam.es\/documentos\/Normas para la aceptaci\u00f3n de batimetr\u00edas externas.pdf\" data-wplink-url-error=\"true\">url: Normas para la aceptaci\u00f3n de batimetr\u00edas externas.<\/a><br><ul id=\"bolas\">\n<li>facilitar a&nbsp;los organismos&nbsp;(Autoridades Portuarias, Comunidades Aut\u00f3nomas, etc,&#8230;) que contratan&nbsp;trabajos batim\u00e9tricos &nbsp;en las aguas de su responsabilidad,&nbsp;los requisitos necesarios, exigidos&nbsp;por parte de la Organizaci\u00f3n Hidrogr\u00e1fica Internacional (OHI) para su inclusi\u00f3n en las cartas n\u00e1uticas oficiales, de las que es responsable el IHM.<\/li>\n<li>establecer un procedimiento para las empresas que realizan los trabajos batim\u00e9tricos en cuanto a la metodolog\u00eda de adquisici\u00f3n, procesado y entrega de los datos\/documentaci\u00f3n adquiridos.<\/li>\n<\/ul>\n<\/li>\n<\/ul>\t\t\t\t\t\t\t\t<\/div>\n\t\t\t\t<\/div>\n\t\t\t\t\t<\/div>\n\t\t<\/div>\n\t\t\t\t\t<\/div>\n\t\t<\/section>\n\t\t\t\t<\/div>\n\t\t","protected":false},"excerpt":{"rendered":"<p>Legislaci\u00f3n A continuaci\u00f3n se relacionan los documentos que contienen legislaci\u00f3n relacionada con los contenidos de este Geoportal: DIRECTIVA 2007\/2\/CE DEL PARLAMENTO EUROPEO Y DEL CONSEJO, de 14 de marzo de 2007, por la que se establece una infraestructura de informaci\u00f3n espacial en la Comunidad Europea (Inspire) LEY 14\/2010 sobre las Infraestructuras y servicios de informaci\u00f3n [&hellip;]<\/p>\n","protected":false},"author":2,"featured_media":0,"parent":0,"menu_order":0,"comment_status":"closed","ping_status":"closed","template":"elementor_header_footer","meta":{"footnotes":""},"class_list":["post-99","page","type-page","status-publish","hentry"],"yoast_head":"<!-- This site is optimized with the Yoast SEO plugin v26.2 - https:\/\/yoast.com\/wordpress\/plugins\/seo\/ -->\r\n<title>Legislaci\u00f3n - IdeIHM<\/title>\r\n<meta name=\"description\" content=\"Consulta la legislaci\u00f3n y normativa aplicable a la IDE-IHM: directiva INSPIRE y sus reglamentos, normas OGC\/ISO relacionadas, y referencias legales para el acceso, uso y publicaci\u00f3n de informaci\u00f3n geogr\u00e1fica.\" \/>\r\n<meta name=\"robots\" content=\"index, follow, max-snippet:-1, max-image-preview:large, max-video-preview:-1\" \/>\r\n<link rel=\"canonical\" href=\"https:\/\/ideihm.covam.es\/portal\/legislacion\/\" \/>\r\n<meta property=\"og:locale\" content=\"es_ES\" \/>\r\n<meta property=\"og:type\" content=\"article\" \/>\r\n<meta property=\"og:title\" content=\"Legislaci\u00f3n - IdeIHM\" \/>\r\n<meta property=\"og:description\" content=\"Consulta la legislaci\u00f3n y normativa aplicable a la IDE-IHM: directiva INSPIRE y sus reglamentos, normas OGC\/ISO relacionadas, y referencias legales para el acceso, uso y publicaci\u00f3n de informaci\u00f3n geogr\u00e1fica.\" \/>\r\n<meta property=\"og:url\" content=\"https:\/\/ideihm.covam.es\/portal\/legislacion\/\" \/>\r\n<meta property=\"og:site_name\" content=\"IdeIHM\" \/>\r\n<meta property=\"article:modified_time\" content=\"2026-02-27T08:08:47+00:00\" \/>\r\n<meta name=\"twitter:card\" content=\"summary_large_image\" \/>\r\n<meta name=\"twitter:label1\" content=\"Tiempo de lectura\" \/>\n\t<meta name=\"twitter:data1\" content=\"2 minutos\" \/>\r\n<script type=\"application\/ld+json\" class=\"yoast-schema-graph\">{\"@context\":\"https:\/\/schema.org\",\"@graph\":[{\"@type\":\"WebPage\",\"@id\":\"https:\/\/ideihm.covam.es\/portal\/legislacion\/\",\"url\":\"https:\/\/ideihm.covam.es\/portal\/legislacion\/\",\"name\":\"Legislaci\u00f3n - IdeIHM\",\"isPartOf\":{\"@id\":\"https:\/\/ideihm.covam.es\/portal\/#website\"},\"datePublished\":\"2022-01-18T08:22:58+00:00\",\"dateModified\":\"2026-02-27T08:08:47+00:00\",\"description\":\"Consulta la legislaci\u00f3n y normativa aplicable a la IDE-IHM: directiva INSPIRE y sus reglamentos, normas OGC\/ISO relacionadas, y referencias legales para el acceso, uso y publicaci\u00f3n de informaci\u00f3n geogr\u00e1fica.\",\"breadcrumb\":{\"@id\":\"https:\/\/ideihm.covam.es\/portal\/legislacion\/#breadcrumb\"},\"inLanguage\":\"es\",\"potentialAction\":[{\"@type\":\"ReadAction\",\"target\":[\"https:\/\/ideihm.covam.es\/portal\/legislacion\/\"]}]},{\"@type\":\"BreadcrumbList\",\"@id\":\"https:\/\/ideihm.covam.es\/portal\/legislacion\/#breadcrumb\",\"itemListElement\":[{\"@type\":\"ListItem\",\"position\":1,\"name\":\"Portada\",\"item\":\"https:\/\/ideihm.covam.es\/portal\/\"},{\"@type\":\"ListItem\",\"position\":2,\"name\":\"Legislaci\u00f3n\"}]},{\"@type\":\"WebSite\",\"@id\":\"https:\/\/ideihm.covam.es\/portal\/#website\",\"url\":\"https:\/\/ideihm.covam.es\/portal\/\",\"name\":\"IdeIHM\",\"description\":\"Geoportal de la Infraestructura de datos espaciales del Instituto Hidrogr\u00e1fico de la Marina\",\"publisher\":{\"@id\":\"https:\/\/ideihm.covam.es\/portal\/#organization\"},\"potentialAction\":[{\"@type\":\"SearchAction\",\"target\":{\"@type\":\"EntryPoint\",\"urlTemplate\":\"https:\/\/ideihm.covam.es\/portal\/?s={search_term_string}\"},\"query-input\":{\"@type\":\"PropertyValueSpecification\",\"valueRequired\":true,\"valueName\":\"search_term_string\"}}],\"inLanguage\":\"es\"},{\"@type\":\"Organization\",\"@id\":\"https:\/\/ideihm.covam.es\/portal\/#organization\",\"name\":\"IdeIHM\",\"url\":\"https:\/\/ideihm.covam.es\/portal\/\",\"logo\":{\"@type\":\"ImageObject\",\"inLanguage\":\"es\",\"@id\":\"https:\/\/ideihm.covam.es\/portal\/#\/schema\/logo\/image\/\",\"url\":\"https:\/\/ideihm.covam.es\/portal\/wp-content\/uploads\/logo-ide-ihm.png\",\"contentUrl\":\"https:\/\/ideihm.covam.es\/portal\/wp-content\/uploads\/logo-ide-ihm.png\",\"width\":153,\"height\":153,\"caption\":\"IdeIHM\"},\"image\":{\"@id\":\"https:\/\/ideihm.covam.es\/portal\/#\/schema\/logo\/image\/\"}}]}<\/script>\r\n<!-- \/ Yoast SEO plugin. -->","yoast_head_json":{"title":"Legislaci\u00f3n - IdeIHM","description":"Consulta la legislaci\u00f3n y normativa aplicable a la IDE-IHM: directiva INSPIRE y sus reglamentos, normas OGC\/ISO relacionadas, y referencias legales para el acceso, uso y publicaci\u00f3n de informaci\u00f3n geogr\u00e1fica.","robots":{"index":"index","follow":"follow","max-snippet":"max-snippet:-1","max-image-preview":"max-image-preview:large","max-video-preview":"max-video-preview:-1"},"canonical":"https:\/\/ideihm.covam.es\/portal\/legislacion\/","og_locale":"es_ES","og_type":"article","og_title":"Legislaci\u00f3n - IdeIHM","og_description":"Consulta la legislaci\u00f3n y normativa aplicable a la IDE-IHM: directiva INSPIRE y sus reglamentos, normas OGC\/ISO relacionadas, y referencias legales para el acceso, uso y publicaci\u00f3n de informaci\u00f3n geogr\u00e1fica.","og_url":"https:\/\/ideihm.covam.es\/portal\/legislacion\/","og_site_name":"IdeIHM","article_modified_time":"2026-02-27T08:08:47+00:00","twitter_card":"summary_large_image","twitter_misc":{"Tiempo de lectura":"2 minutos"},"schema":{"@context":"https:\/\/schema.org","@graph":[{"@type":"WebPage","@id":"https:\/\/ideihm.covam.es\/portal\/legislacion\/","url":"https:\/\/ideihm.covam.es\/portal\/legislacion\/","name":"Legislaci\u00f3n - IdeIHM","isPartOf":{"@id":"https:\/\/ideihm.covam.es\/portal\/#website"},"datePublished":"2022-01-18T08:22:58+00:00","dateModified":"2026-02-27T08:08:47+00:00","description":"Consulta la legislaci\u00f3n y normativa aplicable a la IDE-IHM: directiva INSPIRE y sus reglamentos, normas OGC\/ISO relacionadas, y referencias legales para el acceso, uso y publicaci\u00f3n de informaci\u00f3n geogr\u00e1fica.","breadcrumb":{"@id":"https:\/\/ideihm.covam.es\/portal\/legislacion\/#breadcrumb"},"inLanguage":"es","potentialAction":[{"@type":"ReadAction","target":["https:\/\/ideihm.covam.es\/portal\/legislacion\/"]}]},{"@type":"BreadcrumbList","@id":"https:\/\/ideihm.covam.es\/portal\/legislacion\/#breadcrumb","itemListElement":[{"@type":"ListItem","position":1,"name":"Portada","item":"https:\/\/ideihm.covam.es\/portal\/"},{"@type":"ListItem","position":2,"name":"Legislaci\u00f3n"}]},{"@type":"WebSite","@id":"https:\/\/ideihm.covam.es\/portal\/#website","url":"https:\/\/ideihm.covam.es\/portal\/","name":"IdeIHM","description":"Geoportal de la Infraestructura de datos espaciales del Instituto Hidrogr\u00e1fico de la Marina","publisher":{"@id":"https:\/\/ideihm.covam.es\/portal\/#organization"},"potentialAction":[{"@type":"SearchAction","target":{"@type":"EntryPoint","urlTemplate":"https:\/\/ideihm.covam.es\/portal\/?s={search_term_string}"},"query-input":{"@type":"PropertyValueSpecification","valueRequired":true,"valueName":"search_term_string"}}],"inLanguage":"es"},{"@type":"Organization","@id":"https:\/\/ideihm.covam.es\/portal\/#organization","name":"IdeIHM","url":"https:\/\/ideihm.covam.es\/portal\/","logo":{"@type":"ImageObject","inLanguage":"es","@id":"https:\/\/ideihm.covam.es\/portal\/#\/schema\/logo\/image\/","url":"https:\/\/ideihm.covam.es\/portal\/wp-content\/uploads\/logo-ide-ihm.png","contentUrl":"https:\/\/ideihm.covam.es\/portal\/wp-content\/uploads\/logo-ide-ihm.png","width":153,"height":153,"caption":"IdeIHM"},"image":{"@id":"https:\/\/ideihm.covam.es\/portal\/#\/schema\/logo\/image\/"}}]}},"_links":{"self":[{"href":"https:\/\/ideihm.covam.es\/portal\/wp-json\/wp\/v2\/pages\/99","targetHints":{"allow":["GET"]}}],"collection":[{"href":"https:\/\/ideihm.covam.es\/portal\/wp-json\/wp\/v2\/pages"}],"about":[{"href":"https:\/\/ideihm.covam.es\/portal\/wp-json\/wp\/v2\/types\/page"}],"author":[{"embeddable":true,"href":"https:\/\/ideihm.covam.es\/portal\/wp-json\/wp\/v2\/users\/2"}],"replies":[{"embeddable":true,"href":"https:\/\/ideihm.covam.es\/portal\/wp-json\/wp\/v2\/comments?post=99"}],"version-history":[{"count":9,"href":"https:\/\/ideihm.covam.es\/portal\/wp-json\/wp\/v2\/pages\/99\/revisions"}],"predecessor-version":[{"id":1823,"href":"https:\/\/ideihm.covam.es\/portal\/wp-json\/wp\/v2\/pages\/99\/revisions\/1823"}],"wp:attachment":[{"href":"https:\/\/ideihm.covam.es\/portal\/wp-json\/wp\/v2\/media?parent=99"}],"curies":[{"name":"wp","href":"https:\/\/api.w.org\/{rel}","templated":true}]}}